{"id":329,"date":"2021-11-06T13:12:48","date_gmt":"2021-11-06T12:12:48","guid":{"rendered":"https:\/\/finearts-exclusive.com\/p\/unkategorisiert\/elefant-tusk-dining-table\/"},"modified":"2023-02-22T19:27:40","modified_gmt":"2023-02-22T18:27:40","slug":"tavolo-da-pranzo-con-zanne-di-elefante","status":"publish","type":"product","link":"https:\/\/finearts-exclusive.com\/it\/p\/luxus-bronzemoebel-wohnbereich\/elefant-tusk-dining-table\/","title":{"rendered":"Tavolo da pranzo Elephant Tusk"},"content":{"rendered":"<p>Per secoli, le possenti zanne degli elefanti hanno affascinato la gente. Attraverso le varie culture dei secoli di storia, questa attrazione per la zanna con il suo materiale unico \u00e8 rimasta immutata. Gi\u00e0 nei primi tempi, pezzi pregiati e nobili venivano realizzati con le possenti zanne dei mammut. Alcune culture gli attribuiscono forza e potere, in altre culture significa salute e lunga vita. Questo fascino ininterrotto \u00e8 stato l'ispirazione dell'artista Don Alberto Carlos per l'esclusivo tavolo da pranzo <strong>\"Tavolo da pranzo in zanna d'elefante\".<\/strong> Le sue tre grandi zanne in bronzo dorato con il cordone argentato come elemento di design irradiano una grande forza e grazia. Cos\u00ec il <strong>esclusivo tavolo da pranzo in zanna d'elefante<\/strong> un aspetto molto nobile e raffinato a qualsiasi interno di lusso.<\/p>\n<p>Il lussuoso <strong>Tavolo da pranzo Elephant Tusk<\/strong> con un piano in vetro rotondo di 12 mm e 120 cm di diametro, caratterizzato da una sfaccettatura di 30 mm tagliata sulla parte superiore del piano in vetro. Altre forme e dimensioni del piano in vetro sono naturalmente disponibili su richiesta.<\/p>\n<p><strong>Scultura:<\/strong><\/p>\n<p>Altezza: 78 cm<br \/>\nLarghezza: 75 cm<br \/>\nLunghezza: 75 cm<br \/>\nPeso: circa 80 kg<\/p>\n<p>&nbsp;<\/p>\n<p><strong>Piano in vetro:<\/strong><\/p>\n<p>Diametro: 120 cm<br \/>\nSpessore del vetro: 12 mm<br \/>\nPeso: 34 kg<\/p>\n<p>&nbsp;<\/p>","protected":false},"excerpt":{"rendered":"<p>Schon seit Jahrhunderten faszinieren die gewaltig wirkenden Sto\u00dfz\u00e4hne von Elefanten den Menschen. \u00dcber die verschiedenen Kulturen der Jahrhunderte der Geschichte blieb diese Anziehung des Sto\u00dfzahnes mit seinem einzigartigen Material unver\u00e4ndert. Schon in fr\u00fchem Zeitalter wurden aus den m\u00e4chtigen Sto\u00dfz\u00e4hnen der Mammuts wertvolle und edle St\u00fccke gefertigt. Manche Kulturen sprechen Ihm St\u00e4rke und Macht zu, bei [&#8230;]\n","protected":false},"featured_media":2643,"template":"","meta":{"_seopress_robots_primary_cat":"none","_seopress_titles_title":"","_seopress_titles_desc":"","_seopress_robots_index":""},"product_brand":[],"product_cat":[32],"product_tag":[62],"class_list":{"0":"post-329","1":"product","2":"type-product","3":"status-publish","4":"has-post-thumbnail","6":"product_cat-luxus-bronzemoebel-wohnbereich","7":"product_tag-preis-auf-anfrage","8":"product_shipping_class-skulpturen","9":"pa_kuenstler-don-alberto-carlos","11":"first","12":"instock","13":"taxable","14":"shipping-taxable","15":"product-type-variable","16":"has-default-attributes"},"publishpress_future_action":{"enabled":false,"date":"2026-04-17 12:33:25","action":"change-status","newStatus":"trash","terms":[],"taxonomy":"product_brand","extraData":[]},"publishpress_future_workflow_manual_trigger":{"enabledWorkflows":[]},"_links":{"self":[{"href":"https:\/\/finearts-exclusive.com\/it\/wp-json\/wp\/v2\/product\/329","targetHints":{"allow":["GET"]}}],"collection":[{"href":"https:\/\/finearts-exclusive.com\/it\/wp-json\/wp\/v2\/product"}],"about":[{"href":"https:\/\/finearts-exclusive.com\/it\/wp-json\/wp\/v2\/types\/product"}],"wp:featuredmedia":[{"embeddable":true,"href":"https:\/\/finearts-exclusive.com\/it\/wp-json\/wp\/v2\/media\/2643"}],"wp:attachment":[{"href":"https:\/\/finearts-exclusive.com\/it\/wp-json\/wp\/v2\/media?parent=329"}],"wp:term":[{"taxonomy":"product_brand","embeddable":true,"href":"https:\/\/finearts-exclusive.com\/it\/wp-json\/wp\/v2\/product_brand?post=329"},{"taxonomy":"product_cat","embeddable":true,"href":"https:\/\/finearts-exclusive.com\/it\/wp-json\/wp\/v2\/product_cat?post=329"},{"taxonomy":"product_tag","embeddable":true,"href":"https:\/\/finearts-exclusive.com\/it\/wp-json\/wp\/v2\/product_tag?post=329"}],"curies":[{"name":"wp","href":"https:\/\/api.w.org\/{rel}","templated":true}]}}