{"id":331,"date":"2021-11-06T13:12:49","date_gmt":"2021-11-06T12:12:49","guid":{"rendered":"https:\/\/finearts-exclusive.com\/p\/unkategorisiert\/heart-in-doctors-hand\/"},"modified":"2025-07-01T13:46:07","modified_gmt":"2025-07-01T11:46:07","slug":"il-cuore-nella-mano-del-medico","status":"publish","type":"product","link":"https:\/\/finearts-exclusive.com\/it\/p\/medizinische-skulpturen\/heart-in-doctors-hand\/","title":{"rendered":"Il cuore nella mano del dottore"},"content":{"rendered":"<p><strong>HEART IN DOCTOR'S HAND (eng.: Heart in Doctor's Hand)<\/strong> \u00e8 una scultura in bronzo magistralmente realizzata, fino al pi\u00f9 piccolo dettaglio. Un oggetto decorativo e dimostrativo esclusivo e di alta qualit\u00e0 per i professionisti del settore medico e gli amanti dell'arte. Il cuore pieghevole, realizzato con cura, \u00e8 un tesoro di bronzo di cui nessuna scrivania dovrebbe fare a meno. L'oggetto simboleggia in modo impressionante l'arte medica con la sua preoccupazione per un organo vulnerabile. Il <strong>Scultura in bronzo \"Heart in Doctor's Hand<\/strong> evoca anche associazioni positive nello spettatore: \"Il mio cuore \u00e8 in buone mani con il mio medico\".<\/p>","protected":false},"excerpt":{"rendered":"<div class=\"video video-fit mb\" style=\"padding-top:56.25%;\">\n<div class=\"brlbs-cmpnt-container brlbs-cmpnt-content-blocker brlbs-cmpnt-with-individual-styles\" data-borlabs-cookie-content-blocker-id=\"youtube-content-blocker\" data-borlabs-cookie-content=\"PGlmcmFtZSB0aXRsZT0iSGVhcnQgaW4gRG9jdG9yJiMwMzk7cyBIYW5kIEJyb256ZSBTa3VscHR1ciIgd2lkdGg9IjEwMjAiIGhlaWdodD0iNTc0IiBzcmM9Imh0dHBzOi8vd3d3LnlvdXR1YmUtbm9jb29raWUuY29tL2VtYmVkL2Y1SEU5QzBUVU44P2ZlYXR1cmU9b2VtYmVkIiBmcmFtZWJvcmRlcj0iMCIgYWxsb3c9ImFjY2VsZXJvbWV0ZXI7IGF1dG9wbGF5OyBjbGlwYm9hcmQtd3JpdGU7IGVuY3J5cHRlZC1tZWRpYTsgZ3lyb3Njb3BlOyBwaWN0dXJlLWluLXBpY3R1cmU7IHdlYi1zaGFyZSIgcmVmZXJyZXJwb2xpY3k9InN0cmljdC1vcmlnaW4td2hlbi1jcm9zcy1vcmlnaW4iIGFsbG93ZnVsbHNjcmVlbj48L2lmcmFtZT4=\">\n<div class=\"brlbs-cmpnt-cb-preset-c brlbs-cmpnt-cb-youtube\">\n<div class=\"brlbs-cmpnt-cb-thumbnail\" style=\"background-image: url('https:\/\/finearts-exclusive.com\/wp-content\/uploads\/borlabs-cookie\/1\/yt_f5HE9C0TUN8_hqdefault.jpg')\"><\/div>\n<div class=\"brlbs-cmpnt-cb-main\">\n<div class=\"brlbs-cmpnt-cb-play-button\"><\/div>\n<div class=\"brlbs-cmpnt-cb-content\">\n<p class=\"brlbs-cmpnt-cb-description\">Stai visualizzando un contenuto segnato da <strong>YouTube<\/strong>. Per accedere al contenuto effettivo, cliccare sul pulsante sottostante. Si prega di notare che in questo modo si condividono i dati con provider di terze parti.<\/p>\n<p> <a class=\"brlbs-cmpnt-cb-provider-toggle\" href=\"#\" data-borlabs-cookie-show-provider-information role=\"button\">Ulteriori informazioni<\/a> <\/div>\n<div class=\"brlbs-cmpnt-cb-buttons\"> <a class=\"brlbs-cmpnt-cb-btn\" href=\"#\" data-borlabs-cookie-unblock role=\"button\">Sblocca il contenuto<\/a> <a class=\"brlbs-cmpnt-cb-btn\" href=\"#\" data-borlabs-cookie-accept-service role=\"button\" style=\"display: inherit\">Accetta il servizio richiesto e sblocca i contenuti<\/a> <\/div>\n<\/p><\/div>\n<\/p><\/div>\n<\/div>\n<\/div>","protected":false},"featured_media":62016,"template":"","meta":{"_seopress_robots_primary_cat":"none","_seopress_titles_title":"","_seopress_titles_desc":"","_seopress_robots_index":""},"product_brand":[],"product_cat":[177,31],"product_tag":[62],"class_list":{"0":"post-331","1":"product","2":"type-product","3":"status-publish","4":"has-post-thumbnail","6":"product_cat-medizinische-skulpturen","7":"product_cat-luxus-bronzeskulpturen","8":"product_tag-preis-auf-anfrage","9":"product_shipping_class-skulpturen","10":"pa_kuenstler-prof-dr-med-theodor-klotz","12":"first","13":"instock","14":"taxable","15":"shipping-taxable","16":"product-type-variable","17":"has-default-attributes"},"publishpress_future_action":{"enabled":false,"date":"2026-04-30 09:54:40","action":"change-status","newStatus":"trash","terms":[],"taxonomy":"product_brand","extraData":[]},"publishpress_future_workflow_manual_trigger":{"enabledWorkflows":[]},"_links":{"self":[{"href":"https:\/\/finearts-exclusive.com\/it\/wp-json\/wp\/v2\/product\/331","targetHints":{"allow":["GET"]}}],"collection":[{"href":"https:\/\/finearts-exclusive.com\/it\/wp-json\/wp\/v2\/product"}],"about":[{"href":"https:\/\/finearts-exclusive.com\/it\/wp-json\/wp\/v2\/types\/product"}],"wp:featuredmedia":[{"embeddable":true,"href":"https:\/\/finearts-exclusive.com\/it\/wp-json\/wp\/v2\/media\/62016"}],"wp:attachment":[{"href":"https:\/\/finearts-exclusive.com\/it\/wp-json\/wp\/v2\/media?parent=331"}],"wp:term":[{"taxonomy":"product_brand","embeddable":true,"href":"https:\/\/finearts-exclusive.com\/it\/wp-json\/wp\/v2\/product_brand?post=331"},{"taxonomy":"product_cat","embeddable":true,"href":"https:\/\/finearts-exclusive.com\/it\/wp-json\/wp\/v2\/product_cat?post=331"},{"taxonomy":"product_tag","embeddable":true,"href":"https:\/\/finearts-exclusive.com\/it\/wp-json\/wp\/v2\/product_tag?post=331"}],"curies":[{"name":"wp","href":"https:\/\/api.w.org\/{rel}","templated":true}]}}