{"id":333,"date":"2021-11-06T13:12:49","date_gmt":"2021-11-06T12:12:49","guid":{"rendered":"https:\/\/finearts-exclusive.com\/p\/unkategorisiert\/torso-male\/"},"modified":"2023-02-22T19:23:26","modified_gmt":"2023-02-22T18:23:26","slug":"torso-maschile","status":"publish","type":"product","link":"https:\/\/finearts-exclusive.com\/it\/p\/luxus-erotik-bronzeskulpturen\/torso-male\/","title":{"rendered":"Torso maschile"},"content":{"rendered":"<p>Il non finito come scultura artistica aperta \u00e8 stato considerato come un'opera d'arte a pieno titolo fin dall'antichit\u00e0, dai romani e dai greci.<\/p>\n<p>Nel corso dei secoli, molti artisti famosi, tra cui Michelangelo e Auguste Rodin, avevano elevato il torso a un genere proprio nelle arti plastiche.  In scultura, un torso \u00e8 la rappresentazione plastica e deliberata di un corpo umano senza arti in contrapposizione a una persona intera.<\/p>\n<p>Il <strong>torso maschile<\/strong>Un'opera d'arte nella forma imperfetta esercita un fascino speciale e un'attrazione sullo spettatore. La sua misteriosa aura di imperfezione con la sua estetica di alta espressivit\u00e0 artistica ispira ogni intenditore d'arte.<\/p>\n<p>Don Alberto Carlos ha creato precisamente questa intenzione nella sua creazione di un corpo maschile idealmente modellato e sensuale con pacchetti di muscoli definiti in modo giovanile. Un capolavoro di arte bronzea di successo e di alta qualit\u00e0.<\/p>\n<p>Il <strong>Scultura in bronzo \"torso maschile<\/strong> pu\u00f2 essere rimosso dalla base di marmo che lo accompagna e smontato in quattro (4) componenti individuali. Una variazione creativa e giocosa dell'artista.<\/p>","protected":false},"excerpt":{"rendered":"<p>Das Unvollendete als offene k\u00fcnstlerische Plastik wurde schon seit der Antike, bei den R\u00f6mern und Griechen, als vollwertiges Kunstwerk betrachtet. Im Laufe der Jahrhunderte hatten viele ber\u00fchmte K\u00fcnstler u.a. Michelangelo und Auguste Rodin u.v.m. den Torso zu einer eigenen Gattung in der plastischen Kunst erhoben.\u00a0 In der Bildhauerei ist ein Torso die bewusste, plastische Darstellung [&#8230;]\n","protected":false},"featured_media":2683,"template":"","meta":{"_seopress_robots_primary_cat":"none","_seopress_titles_title":"","_seopress_titles_desc":"","_seopress_robots_index":""},"product_brand":[],"product_cat":[33],"product_tag":[62],"class_list":{"0":"post-333","1":"product","2":"type-product","3":"status-publish","4":"has-post-thumbnail","6":"product_cat-luxus-erotik-bronzeskulpturen","7":"product_tag-preis-auf-anfrage","8":"product_shipping_class-skulpturen","9":"pa_kuenstler-don-alberto-carlos","11":"first","12":"instock","13":"taxable","14":"shipping-taxable","15":"product-type-variable","16":"has-default-attributes"},"publishpress_future_action":{"enabled":false,"date":"2026-04-20 12:23:06","action":"change-status","newStatus":"trash","terms":[],"taxonomy":"product_brand","extraData":[]},"publishpress_future_workflow_manual_trigger":{"enabledWorkflows":[]},"_links":{"self":[{"href":"https:\/\/finearts-exclusive.com\/it\/wp-json\/wp\/v2\/product\/333","targetHints":{"allow":["GET"]}}],"collection":[{"href":"https:\/\/finearts-exclusive.com\/it\/wp-json\/wp\/v2\/product"}],"about":[{"href":"https:\/\/finearts-exclusive.com\/it\/wp-json\/wp\/v2\/types\/product"}],"wp:featuredmedia":[{"embeddable":true,"href":"https:\/\/finearts-exclusive.com\/it\/wp-json\/wp\/v2\/media\/2683"}],"wp:attachment":[{"href":"https:\/\/finearts-exclusive.com\/it\/wp-json\/wp\/v2\/media?parent=333"}],"wp:term":[{"taxonomy":"product_brand","embeddable":true,"href":"https:\/\/finearts-exclusive.com\/it\/wp-json\/wp\/v2\/product_brand?post=333"},{"taxonomy":"product_cat","embeddable":true,"href":"https:\/\/finearts-exclusive.com\/it\/wp-json\/wp\/v2\/product_cat?post=333"},{"taxonomy":"product_tag","embeddable":true,"href":"https:\/\/finearts-exclusive.com\/it\/wp-json\/wp\/v2\/product_tag?post=333"}],"curies":[{"name":"wp","href":"https:\/\/api.w.org\/{rel}","templated":true}]}}