{"id":334,"date":"2021-11-06T13:12:49","date_gmt":"2021-11-06T12:12:49","guid":{"rendered":"https:\/\/finearts-exclusive.com\/p\/unkategorisiert\/beauty-beast-supersize\/"},"modified":"2023-02-22T19:22:32","modified_gmt":"2023-02-22T18:22:32","slug":"bellezza-bestia-supersize","status":"publish","type":"product","link":"https:\/\/finearts-exclusive.com\/it\/p\/luxus-erotik-bronzeskulpturen\/beauty-beast-supersize\/","title":{"rendered":"La Bella e la Bestia Supersize"},"content":{"rendered":"<p>Un argomento attuale che tocca gli uomini ancora e ancora:<\/p>\n<p>\"Perch\u00e9 i ragazzi pi\u00f9 brutti hanno come partner le donne pi\u00f9 carine?\"<\/p>\n<p>L'artista Rudolfo Bucacio ha affrontato la questione del perch\u00e9 ci sono anche coppie la cui attrattiva \u00e8 molto disuguale.  \u00c8 giunto alla conclusione che l'attrattiva della bellezza come caratteristica pi\u00f9 importante di una relazione passa in secondo piano quando dominano altre caratteristiche di un partner ideale, come l'intelligenza, l'affidabilit\u00e0, la lealt\u00e0, l'onest\u00e0 o il carisma erotico.<\/p>\n<p>Per questo motivo, l'artista Rudolf Bucacio ha creato una grandiosa scultura in bronzo a grandezza naturale ed espressiva chiamata \"<strong>La bella e la bestia<\/strong>\". Questo <strong>esclusiva scultura in bronzo<\/strong> \u00e8 considerato un promemoria per l'umanit\u00e0.<\/p>\n<p>La temibile bestia aliena brutta \u00e8 accettata come partner da una bella bellezza terrena perch\u00e9 i suoi valori\/caratteristiche interiori la convincono pi\u00f9 dell'attrattiva della bellezza.<\/p>","protected":false},"excerpt":{"rendered":"<p>Ein aktuelles Thema das M\u00e4nner immer wieder ber\u00fchrt: \u201eWarum bekommen die h\u00e4sslichsten Kerle, die h\u00fcbschesten Frauen als Partner?\u201c Der K\u00fcnstler Rudolfo Bucacio besch\u00e4ftigte sich mit der Frage, warum es auch Paare gibt deren Attraktivit\u00e4t sehr ungleich sind.\u00a0 Er kam zu der Erkenntnis, dass die Attraktivit\u00e4t der Sch\u00f6nheit als wichtigstes Merkmal einer Beziehung in den Hintergrund [&#8230;]\n","protected":false},"featured_media":2632,"template":"","meta":{"_seopress_robots_primary_cat":"none","_seopress_titles_title":"","_seopress_titles_desc":"","_seopress_robots_index":""},"product_brand":[],"product_cat":[33],"product_tag":[62],"class_list":{"0":"post-334","1":"product","2":"type-product","3":"status-publish","4":"has-post-thumbnail","6":"product_cat-luxus-erotik-bronzeskulpturen","7":"product_tag-preis-auf-anfrage","8":"product_shipping_class-skulpturen","9":"pa_kuenstler-rudolfo-bucacio","11":"first","12":"instock","13":"taxable","14":"shipping-taxable","15":"product-type-variable","16":"has-default-attributes"},"publishpress_future_action":{"enabled":false,"date":"2026-05-05 22:24:01","action":"change-status","newStatus":"trash","terms":[],"taxonomy":"product_brand","extraData":[]},"publishpress_future_workflow_manual_trigger":{"enabledWorkflows":[]},"_links":{"self":[{"href":"https:\/\/finearts-exclusive.com\/it\/wp-json\/wp\/v2\/product\/334","targetHints":{"allow":["GET"]}}],"collection":[{"href":"https:\/\/finearts-exclusive.com\/it\/wp-json\/wp\/v2\/product"}],"about":[{"href":"https:\/\/finearts-exclusive.com\/it\/wp-json\/wp\/v2\/types\/product"}],"wp:featuredmedia":[{"embeddable":true,"href":"https:\/\/finearts-exclusive.com\/it\/wp-json\/wp\/v2\/media\/2632"}],"wp:attachment":[{"href":"https:\/\/finearts-exclusive.com\/it\/wp-json\/wp\/v2\/media?parent=334"}],"wp:term":[{"taxonomy":"product_brand","embeddable":true,"href":"https:\/\/finearts-exclusive.com\/it\/wp-json\/wp\/v2\/product_brand?post=334"},{"taxonomy":"product_cat","embeddable":true,"href":"https:\/\/finearts-exclusive.com\/it\/wp-json\/wp\/v2\/product_cat?post=334"},{"taxonomy":"product_tag","embeddable":true,"href":"https:\/\/finearts-exclusive.com\/it\/wp-json\/wp\/v2\/product_tag?post=334"}],"curies":[{"name":"wp","href":"https:\/\/api.w.org\/{rel}","templated":true}]}}