{"id":336,"date":"2021-11-06T13:12:49","date_gmt":"2021-11-06T12:12:49","guid":{"rendered":"https:\/\/finearts-exclusive.com\/p\/unkategorisiert\/adam-eve-life-size\/"},"modified":"2022-06-13T17:26:21","modified_gmt":"2022-06-13T15:26:21","slug":"adam-eve-a-grandezza-naturale","status":"publish","type":"product","link":"https:\/\/finearts-exclusive.com\/it\/p\/luxus-bronzeskulpturen\/adam-eve-life-size\/","title":{"rendered":"Adamo ed Eva - Dimensione naturale"},"content":{"rendered":"<p>L'Antico Testamento racconta la storia della prima seduzione (<strong>Adamo ed Eva<\/strong>). Il serpente (il diavolo) li tent\u00f2 entrambi a mangiare il frutto della mela proibita. Dopo questa caduta, Adamo chiam\u00f2 sua moglie Eva (in ebraico: vita), che a sua volta la rimanda all'amore erotico come progenitrice di tutti gli esseri umani. Si sono amati, hanno fatto sesso? L'antica leggenda di <strong>Adamo ed Eva<\/strong> ha ispirato il nostro grande artista John Paul Ballard a creare il <strong>Scultura in bronzo a grandezza naturale \"Adamo ed Eva<\/strong> per creare. Il suo pensiero sulla moralit\u00e0, il genere e il libero futuro sessuale influenza la creazione di questi fantastici <strong>Scultura di lusso in bronzo \"Adamo ed Eva\".<\/strong><\/p>\n<p>Ha creato un magnifico capolavoro alto 180 cm, largo 75 x 150 cm e pesante circa 220 kg di bronzo dorato e argentato.  Questo messaggio senza tempo dell'enorme <strong>Scultura in bronzo \"Adamo ed Eva<\/strong> riflette il desiderio umano di sessualit\u00e0 dell'uomo e della donna.<\/p>","protected":false},"excerpt":{"rendered":"<p>Das Alte Testament erz\u00e4hlt von der Geschichte der ersten Verf\u00fchrung (Adam &amp; Eva). Die Schlange (der Teufel) verf\u00fchrte beide dazu, die verbotene Apfel-Frucht zu essen. Nach diesem S\u00fcndenfall nannte Adam sein Frau Eva (hebr\u00e4isch: das Leben), was sie wiederum als Stammmutter aller Menschen auf die erotische Liebe verweist. Liebten sie einander, hatten sie Sex? Die [&#8230;]\n","protected":false},"featured_media":2618,"template":"","meta":{"_seopress_robots_primary_cat":"none","_seopress_titles_title":"","_seopress_titles_desc":"","_seopress_robots_index":""},"product_brand":[],"product_cat":[31],"product_tag":[62],"class_list":{"0":"post-336","1":"product","2":"type-product","3":"status-publish","4":"has-post-thumbnail","6":"product_cat-luxus-bronzeskulpturen","7":"product_tag-preis-auf-anfrage","8":"product_shipping_class-skulpturen","9":"pa_kuenstler-paul-john-ballard","11":"first","12":"instock","13":"taxable","14":"shipping-taxable","15":"product-type-variable","16":"has-default-attributes"},"publishpress_future_action":{"enabled":false,"date":"2026-04-16 12:30:16","action":"change-status","newStatus":"trash","terms":[],"taxonomy":"product_brand","extraData":[]},"publishpress_future_workflow_manual_trigger":{"enabledWorkflows":[]},"_links":{"self":[{"href":"https:\/\/finearts-exclusive.com\/it\/wp-json\/wp\/v2\/product\/336","targetHints":{"allow":["GET"]}}],"collection":[{"href":"https:\/\/finearts-exclusive.com\/it\/wp-json\/wp\/v2\/product"}],"about":[{"href":"https:\/\/finearts-exclusive.com\/it\/wp-json\/wp\/v2\/types\/product"}],"wp:featuredmedia":[{"embeddable":true,"href":"https:\/\/finearts-exclusive.com\/it\/wp-json\/wp\/v2\/media\/2618"}],"wp:attachment":[{"href":"https:\/\/finearts-exclusive.com\/it\/wp-json\/wp\/v2\/media?parent=336"}],"wp:term":[{"taxonomy":"product_brand","embeddable":true,"href":"https:\/\/finearts-exclusive.com\/it\/wp-json\/wp\/v2\/product_brand?post=336"},{"taxonomy":"product_cat","embeddable":true,"href":"https:\/\/finearts-exclusive.com\/it\/wp-json\/wp\/v2\/product_cat?post=336"},{"taxonomy":"product_tag","embeddable":true,"href":"https:\/\/finearts-exclusive.com\/it\/wp-json\/wp\/v2\/product_tag?post=336"}],"curies":[{"name":"wp","href":"https:\/\/api.w.org\/{rel}","templated":true}]}}