{"id":337,"date":"2021-11-06T13:12:49","date_gmt":"2021-11-06T12:12:49","guid":{"rendered":"https:\/\/finearts-exclusive.com\/p\/unkategorisiert\/angelina-with-two-trays-medium-size\/"},"modified":"2022-06-13T17:25:28","modified_gmt":"2022-06-13T15:25:28","slug":"angelina-con-due-vassoi-misura-media","status":"publish","type":"product","link":"https:\/\/finearts-exclusive.com\/it\/p\/luxus-bronzeskulpturen\/angelina-with-two-trays-medium-size\/","title":{"rendered":"Angelina con due vassoi - Taglia media"},"content":{"rendered":"<p>Le medie dimensioni <strong>Scultura in bronzo \"Angelina con due vassoi<\/strong> \u00e8 un capolavoro artistico ideale-tipico. L'aspetto erotico di questa scultura \u00e8 sottolineato dal suo aspetto perfetto, con il suo naso finemente modellato e il suo broncio, cos\u00ec come la sua bellezza erotica figurativa ben proporzionata. Il <strong>scultura erotica in bronzo \"Angelina con due vassoi <\/strong>\u00e8 quasi troppo perfetto per essere reale!<\/p>\n<p>Il bellissimo aspetto erotico del <strong>scultura sexy in bronzo Angelina,<\/strong> nel suo sexy corsetto di pizzo in filigrana, brilla come l'ultimo sex symbol. La scultura in bronzo \u00e8 perfetta per un ambiente di vita lussuoso, che dovrebbe irradiare un tocco erotico.<\/p>\n<p>La figura erotica in bronzo di medie dimensioni \"Angelina con due vassoi\" \u00e8 un capolavoro di alta qualit\u00e0 museale dell'artista Paul John Ballard.<\/p>","protected":false},"excerpt":{"rendered":"<p>Die mittelgro\u00dfe Bronzeskulptur \u201eAngelina with two trays\u201c ist ein k\u00fcnstlerisches idealtypisches Meisterwerk. Die erotische Erscheinung dieser Skulptur wird durch das perfekte Aussehen, mit ihrer fein geformten Nase und ihrem Schmollmund, sowie Ihrer fig\u00fcrlichen wohlproportionierten erotischen Sch\u00f6nheit unterstrichen. Die erotische Bronzeskulptur \u201eAngelina with two trays\u201c ist fast zu perfekt um wirklich zu sein! Die wundersch\u00f6ne erotische [&#8230;]\n","protected":false},"featured_media":2621,"template":"","meta":{"_seopress_robots_primary_cat":"none","_seopress_titles_title":"","_seopress_titles_desc":"","_seopress_robots_index":""},"product_brand":[],"product_cat":[31],"product_tag":[62],"class_list":{"0":"post-337","1":"product","2":"type-product","3":"status-publish","4":"has-post-thumbnail","6":"product_cat-luxus-bronzeskulpturen","7":"product_tag-preis-auf-anfrage","8":"product_shipping_class-skulpturen","9":"pa_kuenstler-paul-john-ballard","11":"first","12":"instock","13":"taxable","14":"shipping-taxable","15":"product-type-variable","16":"has-default-attributes"},"publishpress_future_action":{"enabled":false,"date":"2026-04-15 13:38:47","action":"change-status","newStatus":"trash","terms":[],"taxonomy":"product_brand","extraData":[]},"publishpress_future_workflow_manual_trigger":{"enabledWorkflows":[]},"_links":{"self":[{"href":"https:\/\/finearts-exclusive.com\/it\/wp-json\/wp\/v2\/product\/337","targetHints":{"allow":["GET"]}}],"collection":[{"href":"https:\/\/finearts-exclusive.com\/it\/wp-json\/wp\/v2\/product"}],"about":[{"href":"https:\/\/finearts-exclusive.com\/it\/wp-json\/wp\/v2\/types\/product"}],"wp:featuredmedia":[{"embeddable":true,"href":"https:\/\/finearts-exclusive.com\/it\/wp-json\/wp\/v2\/media\/2621"}],"wp:attachment":[{"href":"https:\/\/finearts-exclusive.com\/it\/wp-json\/wp\/v2\/media?parent=337"}],"wp:term":[{"taxonomy":"product_brand","embeddable":true,"href":"https:\/\/finearts-exclusive.com\/it\/wp-json\/wp\/v2\/product_brand?post=337"},{"taxonomy":"product_cat","embeddable":true,"href":"https:\/\/finearts-exclusive.com\/it\/wp-json\/wp\/v2\/product_cat?post=337"},{"taxonomy":"product_tag","embeddable":true,"href":"https:\/\/finearts-exclusive.com\/it\/wp-json\/wp\/v2\/product_tag?post=337"}],"curies":[{"name":"wp","href":"https:\/\/api.w.org\/{rel}","templated":true}]}}