{"id":340,"date":"2021-11-06T13:12:50","date_gmt":"2021-11-06T12:12:50","guid":{"rendered":"https:\/\/finearts-exclusive.com\/p\/unkategorisiert\/dragons-beauty-life-size\/"},"modified":"2025-06-27T10:22:24","modified_gmt":"2025-06-27T08:22:24","slug":"bellezza-dei-draghi-a-grandezza-naturale","status":"publish","type":"product","link":"https:\/\/finearts-exclusive.com\/it\/p\/luxus-erotik-bronzeskulpturen\/dragons-beauty-life-size\/","title":{"rendered":"Dragons Beauty - Grandezza naturale"},"content":{"rendered":"<p>C'era una volta un giovane semplice di nome Jonas che amava la sua ragazza Beauty pi\u00f9 di ogni altra cosa. Ma tutte le sue proposte di matrimonio sono state rifiutate bruscamente da lei.<\/p>\n<p>Cos\u00ec ha escogitato uno stratagemma. Un giorno una fata gli apparve ed esaud\u00ec ogni suo desiderio. Desiderava essere trasformato in un drago forte e muscoloso con due teste. La fata gli concesse il suo desiderio, ma a condizione che un giorno potesse essere ritrasformato solo se avesse reso la sua ragazza \"Bellezza\" fisicamente e psicologicamente felice. Il suo desiderio \u00e8 stato esaudito. Quando la sua ragazza ha visto il magnifico drago muscoloso \u00e8 rimasta estasiata e si \u00e8 innamorata immediatamente. Il drago la abbracci\u00f2 da dietro e fece l'amore con lei in modo sensuale, baciandola su entrambe le guance con le sue due teste contemporaneamente. La bellezza del drago si sentiva al settimo cielo, al sicuro e protetta.<\/p>\n<p>Avendo soddisfatto la condizione della fata, fu ritrasformato nel giovane Jonas. L'amica \"Bellezza\" ha ora riconosciuto e sposato il suo spasimante Jonas. Vissero felici e contenti, perch\u00e9 Beauty cap\u00ec che non sono i criteri superficiali ad essere decisivi per il vero amore, ma i valori interiori di una persona.<\/p>\n<p>L'artista Rudolfo Bucacio ha creato un'impressionante scultura fantasy in bronzo di importanza monumentale, a grandezza naturale. Il <strong>Scultura in bronzo Draghi Bellezza<\/strong> \u00e8 un vero e proprio eye-catcher, che gode di grande attenzione e ammirazione da parte di ogni osservatore.<\/p>","protected":false},"excerpt":{"rendered":"<div class=\"video video-fit mb\" style=\"padding-top:56.25%;\">\n<div class=\"brlbs-cmpnt-container brlbs-cmpnt-content-blocker brlbs-cmpnt-with-individual-styles\" data-borlabs-cookie-content-blocker-id=\"youtube-content-blocker\" data-borlabs-cookie-content=\"PGlmcmFtZSB0aXRsZT0iRmluZSBBcnRzIFdvaG5rdWx0dXIgLSBCcm9uemUgLSBEcmFnb25zIEJlYXV0eSIgd2lkdGg9IjEwMjAiIGhlaWdodD0iNTc0IiBzcmM9Imh0dHBzOi8vd3d3LnlvdXR1YmUtbm9jb29raWUuY29tL2VtYmVkL2VsZ2t2TEtJSmpNP2ZlYXR1cmU9b2VtYmVkIiBmcmFtZWJvcmRlcj0iMCIgYWxsb3c9ImFjY2VsZXJvbWV0ZXI7IGF1dG9wbGF5OyBjbGlwYm9hcmQtd3JpdGU7IGVuY3J5cHRlZC1tZWRpYTsgZ3lyb3Njb3BlOyBwaWN0dXJlLWluLXBpY3R1cmU7IHdlYi1zaGFyZSIgYWxsb3dmdWxsc2NyZWVuPjwvaWZyYW1lPg==\">\n<div class=\"brlbs-cmpnt-cb-preset-c brlbs-cmpnt-cb-youtube\">\n<div class=\"brlbs-cmpnt-cb-thumbnail\" style=\"background-image: url('https:\/\/finearts-exclusive.com\/wp-content\/uploads\/borlabs-cookie\/1\/yt_elgkvLKIJjM_hqdefault.jpg')\"><\/div>\n<div class=\"brlbs-cmpnt-cb-main\">\n<div class=\"brlbs-cmpnt-cb-play-button\"><\/div>\n<div class=\"brlbs-cmpnt-cb-content\">\n<p class=\"brlbs-cmpnt-cb-description\">Stai visualizzando un contenuto segnato da <strong>YouTube<\/strong>. Per accedere al contenuto effettivo, cliccare sul pulsante sottostante. Si prega di notare che in questo modo si condividono i dati con provider di terze parti.<\/p>\n<p> <a class=\"brlbs-cmpnt-cb-provider-toggle\" href=\"#\" data-borlabs-cookie-show-provider-information role=\"button\">Ulteriori informazioni<\/a> <\/div>\n<div class=\"brlbs-cmpnt-cb-buttons\"> <a class=\"brlbs-cmpnt-cb-btn\" href=\"#\" data-borlabs-cookie-unblock role=\"button\">Sblocca il contenuto<\/a> <a class=\"brlbs-cmpnt-cb-btn\" href=\"#\" data-borlabs-cookie-accept-service role=\"button\" style=\"display: inherit\">Accetta il servizio richiesto e sblocca i contenuti<\/a> <\/div>\n<\/p><\/div>\n<\/p><\/div>\n<\/div>\n<\/div>","protected":false},"featured_media":61904,"template":"","meta":{"_seopress_robots_primary_cat":"none","_seopress_titles_title":"","_seopress_titles_desc":"","_seopress_robots_index":""},"product_brand":[],"product_cat":[33],"product_tag":[62],"class_list":{"0":"post-340","1":"product","2":"type-product","3":"status-publish","4":"has-post-thumbnail","6":"product_cat-luxus-erotik-bronzeskulpturen","7":"product_tag-preis-auf-anfrage","8":"product_shipping_class-skulpturen","9":"pa_kuenstler-rudolfo-bucacio","11":"first","12":"instock","13":"taxable","14":"shipping-taxable","15":"product-type-variable","16":"has-default-attributes"},"publishpress_future_action":{"enabled":false,"date":"2026-04-21 12:45:29","action":"change-status","newStatus":"trash","terms":[],"taxonomy":"product_brand","extraData":[]},"publishpress_future_workflow_manual_trigger":{"enabledWorkflows":[]},"_links":{"self":[{"href":"https:\/\/finearts-exclusive.com\/it\/wp-json\/wp\/v2\/product\/340","targetHints":{"allow":["GET"]}}],"collection":[{"href":"https:\/\/finearts-exclusive.com\/it\/wp-json\/wp\/v2\/product"}],"about":[{"href":"https:\/\/finearts-exclusive.com\/it\/wp-json\/wp\/v2\/types\/product"}],"wp:featuredmedia":[{"embeddable":true,"href":"https:\/\/finearts-exclusive.com\/it\/wp-json\/wp\/v2\/media\/61904"}],"wp:attachment":[{"href":"https:\/\/finearts-exclusive.com\/it\/wp-json\/wp\/v2\/media?parent=340"}],"wp:term":[{"taxonomy":"product_brand","embeddable":true,"href":"https:\/\/finearts-exclusive.com\/it\/wp-json\/wp\/v2\/product_brand?post=340"},{"taxonomy":"product_cat","embeddable":true,"href":"https:\/\/finearts-exclusive.com\/it\/wp-json\/wp\/v2\/product_cat?post=340"},{"taxonomy":"product_tag","embeddable":true,"href":"https:\/\/finearts-exclusive.com\/it\/wp-json\/wp\/v2\/product_tag?post=340"}],"curies":[{"name":"wp","href":"https:\/\/api.w.org\/{rel}","templated":true}]}}