{"id":342,"date":"2021-11-06T13:12:50","date_gmt":"2021-11-06T12:12:50","guid":{"rendered":"https:\/\/finearts-exclusive.com\/p\/unkategorisiert\/harlekin-maske\/"},"modified":"2023-03-15T18:13:31","modified_gmt":"2023-03-15T17:13:31","slug":"maschera-di-arlecchino","status":"publish","type":"product","link":"https:\/\/finearts-exclusive.com\/it\/p\/luxus-bronzeskulpturen\/harlekin-maske\/","title":{"rendered":"Maschera arlecchino"},"content":{"rendered":"<p>Il <strong>Maschera di un arlecchino<\/strong> \u00e8 una delle caratteristiche pi\u00f9 significative del suo costume.  Gi\u00e0 nel XII secolo si ha notizia dell'Arlecchino, la speciale figura scenica nel suo tipico costume, che nel corso dei secoli divenne un fenomeno europeo. Questo fascino della figura tragicomica e della sua versatilit\u00e0 continua ancora oggi. I temi preferiti, principalmente esistenziali e corporei, dell'erratico e divertente Arlecchino sono sottolineati da questo costume che enfatizza il ventre: Cibo, fame costante, mangiare, sputare, cagare, ruttare, erotismo, lussuria, amore, morte.<\/p>","protected":false},"excerpt":{"rendered":"<p>Die Maske eines Harlekines ist eines der bedeutendsten Merkmale seiner Kost\u00fcmierung.\u00a0 Bereits aus dem 12. Jahrhundert gibt es \u00dcberlieferungen vom Harlekin, der besonderen B\u00fchnenfigur in seinem Typischen Kost\u00fcm, welche \u00fcber die Jahrhunderte zu einem europ\u00e4ischen Ph\u00e4nomen wurde. Bis heute h\u00e4lt diese Faszination der tragisch komm\u00f6dialen Figur mit seiner Vielseitigkeit bei vielen an. Die prim\u00e4r existenziell [&#8230;]\n","protected":false},"featured_media":2655,"template":"","meta":{"_seopress_robots_primary_cat":"none","_seopress_titles_title":"","_seopress_titles_desc":"","_seopress_robots_index":"","_seopress_analysis_target_kw":""},"product_brand":[],"product_cat":[31],"product_tag":[62],"class_list":{"0":"post-342","1":"product","2":"type-product","3":"status-publish","4":"has-post-thumbnail","6":"product_cat-luxus-bronzeskulpturen","7":"product_tag-preis-auf-anfrage","8":"product_shipping_class-skulpturen","9":"pa_kuenstler-don-alberto-carlos","11":"first","12":"instock","13":"taxable","14":"shipping-taxable","15":"product-type-variable","16":"has-default-attributes"},"publishpress_future_action":{"enabled":false,"date":"2026-05-20 18:46:18","action":"change-status","newStatus":"trash","terms":[],"taxonomy":"product_brand","extraData":[]},"publishpress_future_workflow_manual_trigger":{"enabledWorkflows":[]},"_links":{"self":[{"href":"https:\/\/finearts-exclusive.com\/it\/wp-json\/wp\/v2\/product\/342","targetHints":{"allow":["GET"]}}],"collection":[{"href":"https:\/\/finearts-exclusive.com\/it\/wp-json\/wp\/v2\/product"}],"about":[{"href":"https:\/\/finearts-exclusive.com\/it\/wp-json\/wp\/v2\/types\/product"}],"wp:featuredmedia":[{"embeddable":true,"href":"https:\/\/finearts-exclusive.com\/it\/wp-json\/wp\/v2\/media\/2655"}],"wp:attachment":[{"href":"https:\/\/finearts-exclusive.com\/it\/wp-json\/wp\/v2\/media?parent=342"}],"wp:term":[{"taxonomy":"product_brand","embeddable":true,"href":"https:\/\/finearts-exclusive.com\/it\/wp-json\/wp\/v2\/product_brand?post=342"},{"taxonomy":"product_cat","embeddable":true,"href":"https:\/\/finearts-exclusive.com\/it\/wp-json\/wp\/v2\/product_cat?post=342"},{"taxonomy":"product_tag","embeddable":true,"href":"https:\/\/finearts-exclusive.com\/it\/wp-json\/wp\/v2\/product_tag?post=342"}],"curies":[{"name":"wp","href":"https:\/\/api.w.org\/{rel}","templated":true}]}}