{"id":345,"date":"2021-11-06T13:12:50","date_gmt":"2021-11-06T12:12:50","guid":{"rendered":"https:\/\/finearts-exclusive.com\/p\/unkategorisiert\/kanapee-erotisch\/"},"modified":"2025-09-06T14:58:23","modified_gmt":"2025-09-06T12:58:23","slug":"canape-erotico","status":"publish","type":"product","link":"https:\/\/finearts-exclusive.com\/it\/p\/luxus-bronzemoebel-wohnbereich\/kanapee-erotisch\/","title":{"rendered":"Canap\u00e8 erotico"},"content":{"rendered":"<p>Questo esclusivo <strong>Designer Canap\u00e9<\/strong> \u00e8 un prezioso <strong>Mobile in bronzo<\/strong> con rivestimento in pelle.<\/p>\n<p>Il design del <strong>Tartine di bronzo<\/strong> \u00e8 di una bellezza ed eleganza senza tempo e invita con le sue forme rotonde a fantasticherie erotiche. Questo nobile confortevole <strong>Tartina di bronzo<\/strong> \u00e8 un'ispirazione di arte e passione.<\/p>\n<p>Una qualit\u00e0 assolutamente alta <strong>Tartina di bronzo<\/strong> per un elegante, lussuoso e<\/p>\n<p>ambiente di vita progressivo.<\/p>","protected":false},"excerpt":{"rendered":"<p>Dieses exklusives Designer Kanapee ist ein wertvolles M\u00f6belst\u00fcck aus Bronze mit Lederauflage. Das Design des Bronze Kanapees ist von zeitloser Sch\u00f6nheit und Eleganz und l\u00e4dt mit seinen runden Formen zu erotischen Tr\u00e4umereien ein. Dieses edle bequeme Kanapee aus Bronze ist eine Inspiration von Kunst und Leidenschaft. Ein absolut qualitativ hochwertiges Bronze Kanapee f\u00fcr ein elegantes [&#8230;]\n","protected":false},"featured_media":2661,"template":"","meta":{"_seopress_robots_primary_cat":"none","_seopress_titles_title":"","_seopress_titles_desc":"","_seopress_robots_index":"","_seopress_analysis_target_kw":""},"product_brand":[],"product_cat":[32],"product_tag":[62],"class_list":{"0":"post-345","1":"product","2":"type-product","3":"status-publish","4":"has-post-thumbnail","6":"product_cat-luxus-bronzemoebel-wohnbereich","7":"product_tag-preis-auf-anfrage","8":"product_shipping_class-skulpturen","9":"pa_kuenstler-don-alberto-carlos","11":"first","12":"instock","13":"taxable","14":"shipping-taxable","15":"product-type-variable","16":"has-default-attributes"},"publishpress_future_action":{"enabled":false,"date":"2026-05-23 21:28:35","action":"change-status","newStatus":"trash","terms":[],"taxonomy":"product_brand","extraData":[]},"publishpress_future_workflow_manual_trigger":{"enabledWorkflows":[]},"_links":{"self":[{"href":"https:\/\/finearts-exclusive.com\/it\/wp-json\/wp\/v2\/product\/345","targetHints":{"allow":["GET"]}}],"collection":[{"href":"https:\/\/finearts-exclusive.com\/it\/wp-json\/wp\/v2\/product"}],"about":[{"href":"https:\/\/finearts-exclusive.com\/it\/wp-json\/wp\/v2\/types\/product"}],"wp:featuredmedia":[{"embeddable":true,"href":"https:\/\/finearts-exclusive.com\/it\/wp-json\/wp\/v2\/media\/2661"}],"wp:attachment":[{"href":"https:\/\/finearts-exclusive.com\/it\/wp-json\/wp\/v2\/media?parent=345"}],"wp:term":[{"taxonomy":"product_brand","embeddable":true,"href":"https:\/\/finearts-exclusive.com\/it\/wp-json\/wp\/v2\/product_brand?post=345"},{"taxonomy":"product_cat","embeddable":true,"href":"https:\/\/finearts-exclusive.com\/it\/wp-json\/wp\/v2\/product_cat?post=345"},{"taxonomy":"product_tag","embeddable":true,"href":"https:\/\/finearts-exclusive.com\/it\/wp-json\/wp\/v2\/product_tag?post=345"}],"curies":[{"name":"wp","href":"https:\/\/api.w.org\/{rel}","templated":true}]}}