{"id":349,"date":"2021-11-06T13:12:51","date_gmt":"2021-11-06T12:12:51","guid":{"rendered":"https:\/\/finearts-exclusive.com\/p\/unkategorisiert\/wandlampe-blattdesign\/"},"modified":"2025-06-30T10:35:06","modified_gmt":"2025-06-30T08:35:06","slug":"lampada-da-parete-design-a-foglia","status":"publish","type":"product","link":"https:\/\/finearts-exclusive.com\/it\/p\/luxus-bronzemoebel-wohnbereich\/wandlampe-blattdesign\/","title":{"rendered":"Lampada da parete Leaf Design"},"content":{"rendered":"<p>Un concetto di illuminazione ben pensato \u00e8 una parte importante del vostro esclusivo design d'interni. La giusta illuminazione decorativa e il design esclusivo creano un'atmosfera accogliente nel vostro arredamento.<\/p>\n<p>Il nostro elegante \"<strong>Applique di design a foglia Raumvilla<\/strong>\"\u00e8 ideale per abbellire le vostre pareti. Il fascio di luce diretta della lampada LED incorporata colpisce la foglia d'oro della foglia di bronzo in filigrana e riflette un'illuminazione indiretta di colore oro caldo.<\/p>\n<p>La natura ispirata \"<strong>Lampada da parete di design a foglia<\/strong>\"Con la superficie in vera foglia d'oro \u00e8 un'illuminazione decorativa di alta qualit\u00e0 per un ambiente di vita lussuoso.<\/p>","protected":false},"excerpt":{"rendered":"<p>Ein durchdachtes Lichtkonzept ist ein wichtiger Bestandteil Ihrer exklusiven Inneneinrichtung. Die richtige dekorative Beleuchtung und exklusives Design sorgt f\u00fcr eine gem\u00fctliche Atmosph\u00e4re bei Ihrer Raumgestaltung. Unsere stylische \u201eRaumvilla Blattdesign Wandleuchte\u201e ist ideal um Ihre W\u00e4nde zu versch\u00f6nern. Der direkte Lichtstrahl der eingebauten LED-Lampe trifft auf das Blattgold des filigranen Bronzeblatts und reflektiert eine indirekte, warme [&#8230;]\n","protected":false},"featured_media":2687,"template":"","meta":{"_seopress_robots_primary_cat":"none","_seopress_titles_title":"","_seopress_titles_desc":"","_seopress_robots_index":""},"product_brand":[],"product_cat":[32],"product_tag":[62],"class_list":{"0":"post-349","1":"product","2":"type-product","3":"status-publish","4":"has-post-thumbnail","6":"product_cat-luxus-bronzemoebel-wohnbereich","7":"product_tag-preis-auf-anfrage","8":"product_shipping_class-skulpturen","9":"pa_kuenstler-don-alberto-carlos","11":"first","12":"instock","13":"taxable","14":"shipping-taxable","15":"product-type-variable","16":"has-default-attributes"},"publishpress_future_action":{"enabled":false,"date":"2026-05-07 22:16:29","action":"change-status","newStatus":"trash","terms":[],"taxonomy":"product_brand","extraData":[]},"publishpress_future_workflow_manual_trigger":{"enabledWorkflows":[]},"_links":{"self":[{"href":"https:\/\/finearts-exclusive.com\/it\/wp-json\/wp\/v2\/product\/349","targetHints":{"allow":["GET"]}}],"collection":[{"href":"https:\/\/finearts-exclusive.com\/it\/wp-json\/wp\/v2\/product"}],"about":[{"href":"https:\/\/finearts-exclusive.com\/it\/wp-json\/wp\/v2\/types\/product"}],"wp:featuredmedia":[{"embeddable":true,"href":"https:\/\/finearts-exclusive.com\/it\/wp-json\/wp\/v2\/media\/2687"}],"wp:attachment":[{"href":"https:\/\/finearts-exclusive.com\/it\/wp-json\/wp\/v2\/media?parent=349"}],"wp:term":[{"taxonomy":"product_brand","embeddable":true,"href":"https:\/\/finearts-exclusive.com\/it\/wp-json\/wp\/v2\/product_brand?post=349"},{"taxonomy":"product_cat","embeddable":true,"href":"https:\/\/finearts-exclusive.com\/it\/wp-json\/wp\/v2\/product_cat?post=349"},{"taxonomy":"product_tag","embeddable":true,"href":"https:\/\/finearts-exclusive.com\/it\/wp-json\/wp\/v2\/product_tag?post=349"}],"curies":[{"name":"wp","href":"https:\/\/api.w.org\/{rel}","templated":true}]}}