{"id":352,"date":"2021-11-06T13:12:51","date_gmt":"2021-11-06T12:12:51","guid":{"rendered":"https:\/\/finearts-exclusive.com\/p\/unkategorisiert\/bondage-girl-on-chair\/"},"modified":"2025-09-06T14:52:35","modified_gmt":"2025-09-06T12:52:35","slug":"ragazza-bondage-su-sedia","status":"publish","type":"product","link":"https:\/\/finearts-exclusive.com\/it\/p\/luxus-erotik-bronzeskulpturen\/bondage-girl-on-chair\/","title":{"rendered":"Ragazza bondage su sedia"},"content":{"rendered":"<p>Al giorno d'oggi, sempre pi\u00f9 persone stanno godendo di una nuova esperienza sessuale con i giochi sessuali bondage. Il bondage si riferisce all'arte di legare con corde e nodi durante il sesso appassionato. Lo fanno perch\u00e9 vogliono compiacere il loro partner, perch\u00e9 gli piace la sensazione di essere fuori controllo del proprio piacere, o perch\u00e9 gli piace l'idea di essere \"usati\" - anche se in modo consensuale. La cosa eccitante di questo \u00e8, da un lato, l'aspetto della sottomissione - lasciare il tuo partner responsabile di tutto pu\u00f2 avere qualcosa di liberatorio - e, dall'altro, che diventi molto pi\u00f9 concentrato su ci\u00f2 che sta accadendo al tuo corpo.<\/p>\n<p>Il nostro artista Paul John Ballard \u00e8 stato profondamente ispirato dall'allacciatura erotica nel gioco sessuale bondage, cos\u00ec ha creato il <strong>figura erotica in bronzo \"Bondage Girl on Chair<\/strong> con bondage artistico su una sedia di bronzo separata. La ragazza bondage si siede al <strong>Scultura in bronzo \"Bondage Girl on Chair<\/strong> Su un lato su una sedia, \u00e8 stata annodata a mano in modo artistico e individuale con una corda color argento dal nostro maestro di bondage nello stile giapponese di Shibari e legata alla sedia.  Sono possibili minime deviazioni di allacciatura dall'immagine. <strong>scultura erotica in bronzo \"Bondage Girl on Chair<\/strong> possibile.<\/p>","protected":false},"excerpt":{"rendered":"<div class=\"video video-fit mb\" style=\"padding-top:56.25%;\">\n<div class=\"brlbs-cmpnt-container brlbs-cmpnt-content-blocker brlbs-cmpnt-with-individual-styles\" data-borlabs-cookie-content-blocker-id=\"youtube-content-blocker\" data-borlabs-cookie-content=\"PGlmcmFtZSB0aXRsZT0iRmluZSBBcnRzIFdvaG5rdWx0dXIgLSBCcm9uemUgLSBHaXJsIE9uIENoYWlyIiB3aWR0aD0iMTAyMCIgaGVpZ2h0PSI1NzQiIHNyYz0iaHR0cHM6Ly93d3cueW91dHViZS1ub2Nvb2tpZS5jb20vZW1iZWQvU1VTQ3dRX1BrYTQ\/ZmVhdHVyZT1vZW1iZWQiIGZyYW1lYm9yZGVyPSIwIiBhbGxvdz0iYWNjZWxlcm9tZXRlcjsgYXV0b3BsYXk7IGNsaXBib2FyZC13cml0ZTsgZW5jcnlwdGVkLW1lZGlhOyBneXJvc2NvcGU7IHBpY3R1cmUtaW4tcGljdHVyZTsgd2ViLXNoYXJlIiBhbGxvd2Z1bGxzY3JlZW4+PC9pZnJhbWU+\">\n<div class=\"brlbs-cmpnt-cb-preset-c brlbs-cmpnt-cb-youtube\">\n<div class=\"brlbs-cmpnt-cb-thumbnail\" style=\"background-image: url('https:\/\/finearts-exclusive.com\/wp-content\/uploads\/borlabs-cookie\/1\/yt_SUSCwQ_Pka4_hqdefault.jpg')\"><\/div>\n<div class=\"brlbs-cmpnt-cb-main\">\n<div class=\"brlbs-cmpnt-cb-play-button\"><\/div>\n<div class=\"brlbs-cmpnt-cb-content\">\n<p class=\"brlbs-cmpnt-cb-description\">Stai visualizzando un contenuto segnato da <strong>YouTube<\/strong>. Per accedere al contenuto effettivo, cliccare sul pulsante sottostante. Si prega di notare che in questo modo si condividono i dati con provider di terze parti.<\/p>\n<p> <a class=\"brlbs-cmpnt-cb-provider-toggle\" href=\"#\" data-borlabs-cookie-show-provider-information role=\"button\">Ulteriori informazioni<\/a> <\/div>\n<div class=\"brlbs-cmpnt-cb-buttons\"> <a class=\"brlbs-cmpnt-cb-btn\" href=\"#\" data-borlabs-cookie-unblock role=\"button\">Sblocca il contenuto<\/a> <a class=\"brlbs-cmpnt-cb-btn\" href=\"#\" data-borlabs-cookie-accept-service role=\"button\" style=\"display: inherit\">Accetta il servizio richiesto e sblocca i contenuti<\/a> <\/div>\n<\/p><\/div>\n<\/p><\/div>\n<\/div>\n<\/div>","protected":false},"featured_media":61903,"template":"","meta":{"_seopress_robots_primary_cat":"none","_seopress_titles_title":"","_seopress_titles_desc":"","_seopress_robots_index":""},"product_brand":[],"product_cat":[33],"product_tag":[62],"class_list":{"0":"post-352","1":"product","2":"type-product","3":"status-publish","4":"has-post-thumbnail","6":"product_cat-luxus-erotik-bronzeskulpturen","7":"product_tag-preis-auf-anfrage","8":"product_shipping_class-skulpturen","9":"pa_kuenstler-paul-john-ballard","11":"first","12":"instock","13":"taxable","14":"shipping-taxable","15":"product-type-variable","16":"has-default-attributes"},"publishpress_future_action":{"enabled":false,"date":"2026-04-14 08:29:14","action":"change-status","newStatus":"trash","terms":[],"taxonomy":"product_brand","extraData":[]},"publishpress_future_workflow_manual_trigger":{"enabledWorkflows":[]},"_links":{"self":[{"href":"https:\/\/finearts-exclusive.com\/it\/wp-json\/wp\/v2\/product\/352","targetHints":{"allow":["GET"]}}],"collection":[{"href":"https:\/\/finearts-exclusive.com\/it\/wp-json\/wp\/v2\/product"}],"about":[{"href":"https:\/\/finearts-exclusive.com\/it\/wp-json\/wp\/v2\/types\/product"}],"wp:featuredmedia":[{"embeddable":true,"href":"https:\/\/finearts-exclusive.com\/it\/wp-json\/wp\/v2\/media\/61903"}],"wp:attachment":[{"href":"https:\/\/finearts-exclusive.com\/it\/wp-json\/wp\/v2\/media?parent=352"}],"wp:term":[{"taxonomy":"product_brand","embeddable":true,"href":"https:\/\/finearts-exclusive.com\/it\/wp-json\/wp\/v2\/product_brand?post=352"},{"taxonomy":"product_cat","embeddable":true,"href":"https:\/\/finearts-exclusive.com\/it\/wp-json\/wp\/v2\/product_cat?post=352"},{"taxonomy":"product_tag","embeddable":true,"href":"https:\/\/finearts-exclusive.com\/it\/wp-json\/wp\/v2\/product_tag?post=352"}],"curies":[{"name":"wp","href":"https:\/\/api.w.org\/{rel}","templated":true}]}}