{"id":353,"date":"2021-11-06T13:12:51","date_gmt":"2021-11-06T12:12:51","guid":{"rendered":"https:\/\/finearts-exclusive.com\/p\/unkategorisiert\/bondage-girl-with-mouth-gag\/"},"modified":"2025-09-06T14:56:11","modified_gmt":"2025-09-06T12:56:11","slug":"ragazza-bondage-con-bavaglio-alla-bocca","status":"publish","type":"product","link":"https:\/\/finearts-exclusive.com\/it\/p\/luxus-erotik-bronzeskulpturen\/bondage-girl-with-mouth-gag\/","title":{"rendered":"Ragazza bondage con bavaglio alla bocca"},"content":{"rendered":"<p>Al giorno d'oggi, sempre pi\u00f9 persone godono di una nuova vita sessuale con i giochi sessuali bondage.<\/p>\n<p>Bondage vede per la costrizione artistica con corde e nodi durante il sesso pieno di passione. Possono farlo perch\u00e9 vogliono compiacere il loro partner, perch\u00e9 gli piace la sensazione di essere fuori controllo del proprio piacere, o perch\u00e9 gli piace l'idea di essere \"usati\", anche se in modo consensuale. La cosa eccitante di questo \u00e8, da un lato, l'aspetto sottomesso (sub) - lasciare il tuo partner responsabile di tutto pu\u00f2 avere qualcosa di liberatorio - e, dall'altro, che ti concentri molto di pi\u00f9 su quello che sta succedendo al tuo corpo.<\/p>\n<p>Il nostro artista Paul John Ballard \u00e8 stato profondamente ispirato dall'allacciatura erotica nel gioco sessuale bondage sottomesso, cos\u00ec ha creato il <strong>Scultura erotica in bronzo \"Bondage Girl with Mouth Gag<\/strong>\u00a0 con un abile bondage.<\/p>\n<p>Il <strong>Figura in bronzo \"Ragazza bondage con bavaglio alla bocca<\/strong> \u00e8 stato annodato a mano con una corda color argento dal nostro maestro di bondage nello stile giapponese Shibari in modo artistico e individuale per ciascuna delle nostre sculture erotiche. Minime deviazioni di allacciatura dall'illustrazione sono possibili con il <strong>Scultura ragazza bondage con bavaglio alla bocca<\/strong> possibile.<\/p>","protected":false},"excerpt":{"rendered":"<p>In der heutigen Zeit genie\u00dfen immer mehr Menschen ein sexuell neues Lebensgef\u00fchl mit Bondage Sexspiele. Bondage seht f\u00fcr die kunstvolle Fesselung mit Schn\u00fcren und Knoten beim Sex voller Leidenschaft. Sie m\u00f6gen es tun, weil sie ihrem Partner gefallen wollen, weil sie das Gef\u00fchl m\u00f6gen, au\u00dfer Kontrolle \u00fcber ihr eigenes Vergn\u00fcgen zu sein, oder weil sie [&#8230;]\n","protected":false},"featured_media":61902,"template":"","meta":{"_seopress_robots_primary_cat":"none","_seopress_titles_title":"","_seopress_titles_desc":"","_seopress_robots_index":""},"product_brand":[],"product_cat":[33],"product_tag":[62],"class_list":{"0":"post-353","1":"product","2":"type-product","3":"status-publish","4":"has-post-thumbnail","6":"product_cat-luxus-erotik-bronzeskulpturen","7":"product_tag-preis-auf-anfrage","8":"product_shipping_class-skulpturen","9":"pa_kuenstler-paul-john-ballard","11":"first","12":"instock","13":"taxable","14":"shipping-taxable","15":"product-type-variable","16":"has-default-attributes"},"publishpress_future_action":{"enabled":false,"date":"2026-04-14 06:37:29","action":"change-status","newStatus":"trash","terms":[],"taxonomy":"product_brand","extraData":[]},"publishpress_future_workflow_manual_trigger":{"enabledWorkflows":[]},"_links":{"self":[{"href":"https:\/\/finearts-exclusive.com\/it\/wp-json\/wp\/v2\/product\/353","targetHints":{"allow":["GET"]}}],"collection":[{"href":"https:\/\/finearts-exclusive.com\/it\/wp-json\/wp\/v2\/product"}],"about":[{"href":"https:\/\/finearts-exclusive.com\/it\/wp-json\/wp\/v2\/types\/product"}],"wp:featuredmedia":[{"embeddable":true,"href":"https:\/\/finearts-exclusive.com\/it\/wp-json\/wp\/v2\/media\/61902"}],"wp:attachment":[{"href":"https:\/\/finearts-exclusive.com\/it\/wp-json\/wp\/v2\/media?parent=353"}],"wp:term":[{"taxonomy":"product_brand","embeddable":true,"href":"https:\/\/finearts-exclusive.com\/it\/wp-json\/wp\/v2\/product_brand?post=353"},{"taxonomy":"product_cat","embeddable":true,"href":"https:\/\/finearts-exclusive.com\/it\/wp-json\/wp\/v2\/product_cat?post=353"},{"taxonomy":"product_tag","embeddable":true,"href":"https:\/\/finearts-exclusive.com\/it\/wp-json\/wp\/v2\/product_tag?post=353"}],"curies":[{"name":"wp","href":"https:\/\/api.w.org\/{rel}","templated":true}]}}