{"id":355,"date":"2021-11-06T13:12:51","date_gmt":"2021-11-06T12:12:51","guid":{"rendered":"https:\/\/finearts-exclusive.com\/p\/unkategorisiert\/devote-lady\/"},"modified":"2025-09-09T11:46:49","modified_gmt":"2025-09-09T09:46:49","slug":"donna-sottomessa","status":"publish","type":"product","link":"https:\/\/finearts-exclusive.com\/it\/p\/luxus-erotik-bronzeskulpturen\/devote-lady\/","title":{"rendered":"Signora sottomessa"},"content":{"rendered":"<p>L'artista Paul John Ballard affronta l'idea comune di una donna sottomessa.<\/p>\n<p>Ecco perch\u00e9 ha creato un bellissimo <strong>Figura erotica in bronzo con il nome di \"Devote Lady\". <\/strong><\/p>\n<p>Devote \u00e8 un'altra parola per dire sottomesso o devoto.<\/p>\n<p>Una donna sessualmente sottomessa a letto significa quindi che \u00e8 passiva, cede completamente le redini e il partner assume il ruolo dominante in piena fiducia e rispetto reciproco.<\/p>\n<p>Secondo l'artista, il comportamento sottomesso non \u00e8 una debolezza, ma mostra una grande fiducia in se stessi per comunicare e vivere la fantasia sessuale della sottomissione. Il nostro <strong>scultura erotica in bronzo \"Devote Lady<\/strong> irradia proprio questo.<\/p>\n<p>Molte donne sottomesse oggi professano pubblicamente il desiderio di essere l'appassionata amante sottomessa del loro marito, cos\u00ec come il suo pi\u00f9 grande sostegno e aiuto disinteressato.<\/p>","protected":false},"excerpt":{"rendered":"<p>Der K\u00fcnstler Paul John Ballard besch\u00e4ftigt sich mit dem allgemeinen Missverst\u00e4ndnis einer devoten Frau. Deshalb kreierte er eine wundersch\u00f6ne erotische Bronzefigur mit dem Namen \u201cDevote Lady\u201d. Devote ist ein anderes Wort f\u00fcr unterw\u00fcrfig oder ergeben. Eine sexuell devote Frau im Bett bedeutet also, dass sie sich passiv gibt, die Z\u00fcgel komplett abgibt und der Partner [&#8230;]\n","protected":false},"featured_media":2638,"template":"","meta":{"_seopress_robots_primary_cat":"none","_seopress_titles_title":"","_seopress_titles_desc":"","_seopress_robots_index":""},"product_brand":[],"product_cat":[33],"product_tag":[62],"class_list":{"0":"post-355","1":"product","2":"type-product","3":"status-publish","4":"has-post-thumbnail","6":"product_cat-luxus-erotik-bronzeskulpturen","7":"product_tag-preis-auf-anfrage","8":"product_shipping_class-skulpturen","9":"pa_kuenstler-paul-john-ballard","11":"first","12":"instock","13":"taxable","14":"shipping-taxable","15":"product-type-variable","16":"has-default-attributes"},"publishpress_future_action":{"enabled":false,"date":"2026-04-16 12:50:22","action":"change-status","newStatus":"trash","terms":[],"taxonomy":"product_brand","extraData":[]},"publishpress_future_workflow_manual_trigger":{"enabledWorkflows":[]},"_links":{"self":[{"href":"https:\/\/finearts-exclusive.com\/it\/wp-json\/wp\/v2\/product\/355","targetHints":{"allow":["GET"]}}],"collection":[{"href":"https:\/\/finearts-exclusive.com\/it\/wp-json\/wp\/v2\/product"}],"about":[{"href":"https:\/\/finearts-exclusive.com\/it\/wp-json\/wp\/v2\/types\/product"}],"wp:featuredmedia":[{"embeddable":true,"href":"https:\/\/finearts-exclusive.com\/it\/wp-json\/wp\/v2\/media\/2638"}],"wp:attachment":[{"href":"https:\/\/finearts-exclusive.com\/it\/wp-json\/wp\/v2\/media?parent=355"}],"wp:term":[{"taxonomy":"product_brand","embeddable":true,"href":"https:\/\/finearts-exclusive.com\/it\/wp-json\/wp\/v2\/product_brand?post=355"},{"taxonomy":"product_cat","embeddable":true,"href":"https:\/\/finearts-exclusive.com\/it\/wp-json\/wp\/v2\/product_cat?post=355"},{"taxonomy":"product_tag","embeddable":true,"href":"https:\/\/finearts-exclusive.com\/it\/wp-json\/wp\/v2\/product_tag?post=355"}],"curies":[{"name":"wp","href":"https:\/\/api.w.org\/{rel}","templated":true}]}}