{"id":356,"date":"2021-11-06T13:12:52","date_gmt":"2021-11-06T12:12:52","guid":{"rendered":"https:\/\/finearts-exclusive.com\/p\/unkategorisiert\/devote-lady-bondage\/"},"modified":"2025-09-06T14:48:57","modified_gmt":"2025-09-06T12:48:57","slug":"donna-sottomessa-bondage","status":"publish","type":"product","link":"https:\/\/finearts-exclusive.com\/it\/p\/luxus-erotik-bronzeskulpturen\/devote-lady-bondage\/","title":{"rendered":"Bondage donna sottomessa"},"content":{"rendered":"<p>Al giorno d'oggi, sempre pi\u00f9 persone godono di una nuova vita sessuale con i giochi sessuali bondage.<\/p>\n<p>Bondage vede per la costrizione artistica con corde e nodi durante il sesso pieno di passione. Possono farlo perch\u00e9 vogliono compiacere il loro partner, perch\u00e9 gli piace la sensazione di essere fuori controllo del proprio piacere, o perch\u00e9 gli piace l'idea di essere \"usati\", anche se in modo consensuale. La cosa eccitante di questo \u00e8, da un lato, l'aspetto sottomesso (sub) - lasciare il tuo partner responsabile di tutto pu\u00f2 avere qualcosa di liberatorio - e, dall'altro, che ti concentri molto di pi\u00f9 su quello che sta succedendo al tuo corpo.<\/p>\n<p>Il nostro artista Paul John Ballard \u00e8 stato profondamente ispirato dall'allacciatura erotica nel gioco sessuale bondage sottomesso, cos\u00ec ha creato il <strong>Scultura erotica in bronzo \"Devote Bondage Lady<\/strong> con un abile bondage.<\/p>\n<p>Il <strong>Scultura in bronzo \"Devote Lady Bondage<\/strong> \u00e8 stato annodato a mano con corda color argento dal nostro maestro di bondage nello stile giapponese di Shibari, individualmente per ogni scultura. Minime deviazioni di allacciatura del <strong>Figura in bronzo \"Donna sottomessa Bondage<\/strong> sono possibili.<\/p>","protected":false},"excerpt":{"rendered":"<p>In der heutigen Zeit genie\u00dfen immer mehr Menschen ein sexuell neues Lebensgef\u00fchl mit Bondage Sexspiele. Bondage seht f\u00fcr die kunstvolle Fesselung mit Schn\u00fcren und Knoten beim Sex voller Leidenschaft. Sie m\u00f6gen es tun, weil sie ihrem Partner gefallen wollen, weil sie das Gef\u00fchl m\u00f6gen, au\u00dfer Kontrolle \u00fcber ihr eigenes Vergn\u00fcgen zu sein, oder weil sie [&#8230;]\n","protected":false},"featured_media":61900,"template":"","meta":{"_seopress_robots_primary_cat":"none","_seopress_titles_title":"","_seopress_titles_desc":"","_seopress_robots_index":""},"product_brand":[],"product_cat":[33],"product_tag":[62],"class_list":{"0":"post-356","1":"product","2":"type-product","3":"status-publish","4":"has-post-thumbnail","6":"product_cat-luxus-erotik-bronzeskulpturen","7":"product_tag-preis-auf-anfrage","8":"product_shipping_class-skulpturen","9":"pa_kuenstler-paul-john-ballard","11":"first","12":"instock","13":"taxable","14":"shipping-taxable","15":"product-type-variable","16":"has-default-attributes"},"publishpress_future_action":{"enabled":false,"date":"2026-04-24 06:21:46","action":"change-status","newStatus":"trash","terms":[],"taxonomy":"product_brand","extraData":[]},"publishpress_future_workflow_manual_trigger":{"enabledWorkflows":[]},"_links":{"self":[{"href":"https:\/\/finearts-exclusive.com\/it\/wp-json\/wp\/v2\/product\/356","targetHints":{"allow":["GET"]}}],"collection":[{"href":"https:\/\/finearts-exclusive.com\/it\/wp-json\/wp\/v2\/product"}],"about":[{"href":"https:\/\/finearts-exclusive.com\/it\/wp-json\/wp\/v2\/types\/product"}],"wp:featuredmedia":[{"embeddable":true,"href":"https:\/\/finearts-exclusive.com\/it\/wp-json\/wp\/v2\/media\/61900"}],"wp:attachment":[{"href":"https:\/\/finearts-exclusive.com\/it\/wp-json\/wp\/v2\/media?parent=356"}],"wp:term":[{"taxonomy":"product_brand","embeddable":true,"href":"https:\/\/finearts-exclusive.com\/it\/wp-json\/wp\/v2\/product_brand?post=356"},{"taxonomy":"product_cat","embeddable":true,"href":"https:\/\/finearts-exclusive.com\/it\/wp-json\/wp\/v2\/product_cat?post=356"},{"taxonomy":"product_tag","embeddable":true,"href":"https:\/\/finearts-exclusive.com\/it\/wp-json\/wp\/v2\/product_tag?post=356"}],"curies":[{"name":"wp","href":"https:\/\/api.w.org\/{rel}","templated":true}]}}