{"id":357,"date":"2021-11-06T13:12:52","date_gmt":"2021-11-06T12:12:52","guid":{"rendered":"https:\/\/finearts-exclusive.com\/p\/unkategorisiert\/bondage-girl-ella-on-stool\/"},"modified":"2025-09-06T14:50:01","modified_gmt":"2025-09-06T12:50:01","slug":"ragazza-bondage-ella-su-sgabello","status":"publish","type":"product","link":"https:\/\/finearts-exclusive.com\/it\/p\/luxus-erotik-bronzeskulpturen\/bondage-girl-ella-on-stool\/","title":{"rendered":"Ragazza bondage \"ELLA\" su sgabello"},"content":{"rendered":"<p>Al giorno d'oggi, sempre pi\u00f9 persone stanno godendo di una nuova esperienza sessuale con i giochi sessuali bondage. Il bondage \u00e8 l'arte di legare con corde e nodi durante il sesso appassionato. Possono farlo perch\u00e9 vogliono compiacere il loro partner, perch\u00e9 gli piace la sensazione di essere fuori controllo del proprio piacere, o perch\u00e9 gli piace l'idea di essere \"usati\", anche se in modo consensuale. La cosa eccitante di questo \u00e8, da un lato, l'aspetto della sottomissione - lasciare il tuo partner responsabile di tutto pu\u00f2 avere qualcosa di liberatorio - e, dall'altro, che diventi molto pi\u00f9 concentrato su ci\u00f2 che sta accadendo al tuo corpo.<\/p>\n<p>Il nostro artista Paul John Ballard \u00e8 stato profondamente ispirato dall'allacciatura erotica durante il gioco sessuale bondage, cos\u00ec ha creato la figura erotica in bronzo \"Bondage Girls ELLA on Stool\" con bondage artistico.<\/p>\n<p>Il <strong>Scultura in bronzo \"Bondage Girl ELLA su sgabello<\/strong>\"Seduta su uno sgabello, \u00e8 stata annodata a mano con una corda color argento dal nostro maestro di bondage nello stile giapponese dello Shibari, individualmente per ogni scultura. Minime deviazioni di allacciatura dall'illustrazione sono possibili con il <strong>Figura in bronzo \"Bondage Girls ELLA su sgabello<\/strong> possibile.<\/p>","protected":false},"excerpt":{"rendered":"<p>In der heutigen Zeit genie\u00dfen immer mehr Menschen ein sexuell neues Lebensgef\u00fchl mit Bondage Sexspiele. Bondage seht f\u00fcr die kunstvolle Fesselung mit Schn\u00fcren und Knoten beim Sex voller Leidenschaft. Sie m\u00f6gen es tun, weil sie ihrem Partner gefallen wollen, weil sie das Gef\u00fchl m\u00f6gen, au\u00dfer Kontrolle \u00fcber ihr eigenes Vergn\u00fcgen zu sein, oder weil sie [&#8230;]\n","protected":false},"featured_media":4427,"template":"","meta":{"_seopress_robots_primary_cat":"none","_seopress_titles_title":"","_seopress_titles_desc":"","_seopress_robots_index":"","_seopress_analysis_target_kw":""},"product_brand":[],"product_cat":[33],"product_tag":[62],"class_list":{"0":"post-357","1":"product","2":"type-product","3":"status-publish","4":"has-post-thumbnail","6":"product_cat-luxus-erotik-bronzeskulpturen","7":"product_tag-preis-auf-anfrage","8":"product_shipping_class-skulpturen","9":"pa_kuenstler-paul-john-ballard","11":"first","12":"instock","13":"taxable","14":"shipping-taxable","15":"product-type-variable","16":"has-default-attributes"},"publishpress_future_action":{"enabled":false,"date":"2026-05-20 19:49:36","action":"change-status","newStatus":"trash","terms":[],"taxonomy":"product_brand","extraData":[]},"publishpress_future_workflow_manual_trigger":{"enabledWorkflows":[]},"_links":{"self":[{"href":"https:\/\/finearts-exclusive.com\/it\/wp-json\/wp\/v2\/product\/357","targetHints":{"allow":["GET"]}}],"collection":[{"href":"https:\/\/finearts-exclusive.com\/it\/wp-json\/wp\/v2\/product"}],"about":[{"href":"https:\/\/finearts-exclusive.com\/it\/wp-json\/wp\/v2\/types\/product"}],"wp:featuredmedia":[{"embeddable":true,"href":"https:\/\/finearts-exclusive.com\/it\/wp-json\/wp\/v2\/media\/4427"}],"wp:attachment":[{"href":"https:\/\/finearts-exclusive.com\/it\/wp-json\/wp\/v2\/media?parent=357"}],"wp:term":[{"taxonomy":"product_brand","embeddable":true,"href":"https:\/\/finearts-exclusive.com\/it\/wp-json\/wp\/v2\/product_brand?post=357"},{"taxonomy":"product_cat","embeddable":true,"href":"https:\/\/finearts-exclusive.com\/it\/wp-json\/wp\/v2\/product_cat?post=357"},{"taxonomy":"product_tag","embeddable":true,"href":"https:\/\/finearts-exclusive.com\/it\/wp-json\/wp\/v2\/product_tag?post=357"}],"curies":[{"name":"wp","href":"https:\/\/api.w.org\/{rel}","templated":true}]}}