{"id":360,"date":"2021-11-06T13:12:52","date_gmt":"2021-11-06T12:12:52","guid":{"rendered":"https:\/\/finearts-exclusive.com\/p\/unkategorisiert\/techno-lover-life-size\/"},"modified":"2024-03-21T20:27:21","modified_gmt":"2024-03-21T19:27:21","slug":"amante-della-tecnologia-a-grandezza-naturale","status":"publish","type":"product","link":"https:\/\/finearts-exclusive.com\/it\/p\/luxus-erotik-bronzeskulpturen\/techno-lover-life-size\/","title":{"rendered":"Techno Lover Life Size"},"content":{"rendered":"<p>L'amore dell'uomo per l'immagine della sua fantasia non \u00e8 affatto un'invenzione dei tempi moderni; i poeti romani lo sognavano gi\u00e0! Per decenni, i registi di Hollywood sono stati affascinati dal tema del \"sesso con i robot\".<\/p>\n<p>Anche l'artista Rudolfo Bucacio \u00e8 stato profondamente colpito dalla nostra vita quotidiana digitale, che ha portato anche all'ingresso nella nostra vita sessuale digitale. Si \u00e8 posto la domanda: il futuro \u00e8 il sesso con i robot e il sesso con le macchine? I robot umanoidi dell'amore sono cos\u00ec realistici al giorno d'oggi che non sono pi\u00f9 diversi dagli umani - nemmeno quando si tratta di sesso. Gli utenti possono vivere le loro (peggiori) fantasie senza ritegno - senza ferire un essere umano.<\/p>\n<p>Rudolfo Bucacio ha trasformato questa profonda intuizione in un capolavoro definitivo, a grandezza naturale, <strong>scultura erotica in bronzo \"TECHNO LOVER<\/strong>\". Il suo <strong>figura erotica in bronzo TECHNO LOVER<\/strong> racconta dell'amore non corrisposto di una donna sensuale.<\/p>\n<p>Dato che era sempre delusa dai suoi amanti nella realt\u00e0, ha creato il suo uomo dei sogni ideale - un robot per mezzo di una fiamma ossidrica, con il quale poteva ora vivere le sue (peggiori) fantasie e desideri segreti.<\/p>\n<p>L'ultimo capolavoro dell'arte del bronzo a grandezza naturale, <strong>AMANTE DELLA TECNOLOGIA,<\/strong> \u00e8 una delle nostre sculture erotiche di maggior successo.<\/p>","protected":false},"excerpt":{"rendered":"<div class=\"video video-fit mb\" style=\"padding-top:56.25%;\">\n<div class=\"brlbs-cmpnt-container brlbs-cmpnt-content-blocker brlbs-cmpnt-with-individual-styles\" data-borlabs-cookie-content-blocker-id=\"vimeo-content-blocker\" data-borlabs-cookie-content=\"PGlmcmFtZSB0aXRsZT0iVGVjaG5vIExvdmVyIiBzcmM9Imh0dHBzOi8vcGxheWVyLnZpbWVvLmNvbS92aWRlby82NjM2MzA2NTg\/aD1mODk2ODg1NjVlJmFtcDtkbnQ9MSZhbXA7YXBwX2lkPTEyMjk2MyIgd2lkdGg9IjEwMjAiIGhlaWdodD0iNTc0IiBmcmFtZWJvcmRlcj0iMCIgYWxsb3c9ImF1dG9wbGF5OyBmdWxsc2NyZWVuOyBwaWN0dXJlLWluLXBpY3R1cmUiIGFsbG93ZnVsbHNjcmVlbj48L2lmcmFtZT4=\">\n<div class=\"brlbs-cmpnt-cb-preset-c brlbs-cmpnt-cb-vimeo\">\n<div class=\"brlbs-cmpnt-cb-thumbnail\" style=\"background-image: url('https:\/\/finearts-exclusive.com\/wp-content\/uploads\/borlabs-cookie\/1\/brlbs-cb-vimeo-main.png')\"><\/div>\n<div class=\"brlbs-cmpnt-cb-main\">\n<div class=\"brlbs-cmpnt-cb-play-button\"><\/div>\n<div class=\"brlbs-cmpnt-cb-content\">\n<p class=\"brlbs-cmpnt-cb-description\">Stai visualizzando un contenuto segnato da <strong>Vimeo<\/strong>. Per accedere al contenuto effettivo, cliccare sul pulsante sottostante. Si prega di notare che in questo modo si condividono i dati con provider di terze parti.<\/p>\n<p> <a class=\"brlbs-cmpnt-cb-provider-toggle\" href=\"#\" data-borlabs-cookie-show-provider-information role=\"button\">Ulteriori informazioni<\/a> <\/div>\n<div class=\"brlbs-cmpnt-cb-buttons\"> <a class=\"brlbs-cmpnt-cb-btn\" href=\"#\" data-borlabs-cookie-unblock role=\"button\">Sblocca il contenuto<\/a> <a class=\"brlbs-cmpnt-cb-btn\" href=\"#\" data-borlabs-cookie-accept-service role=\"button\" style=\"display: inherit\">Accetta il servizio richiesto e sblocca i contenuti<\/a> <\/div>\n<\/p><\/div>\n<\/p><\/div>\n<\/div>\n<\/div>","protected":false},"featured_media":2680,"template":"","meta":{"_seopress_robots_primary_cat":"none","_seopress_titles_title":"","_seopress_titles_desc":"","_seopress_robots_index":""},"product_brand":[],"product_cat":[33],"product_tag":[62],"class_list":{"0":"post-360","1":"product","2":"type-product","3":"status-publish","4":"has-post-thumbnail","6":"product_cat-luxus-erotik-bronzeskulpturen","7":"product_tag-preis-auf-anfrage","8":"product_shipping_class-skulpturen","9":"pa_kuenstler-rudolfo-bucacio","11":"first","12":"instock","13":"taxable","14":"shipping-taxable","15":"product-type-variable","16":"has-default-attributes"},"publishpress_future_action":{"enabled":false,"date":"2026-04-20 10:24:48","action":"change-status","newStatus":"trash","terms":[],"taxonomy":"product_brand","extraData":[]},"publishpress_future_workflow_manual_trigger":{"enabledWorkflows":[]},"_links":{"self":[{"href":"https:\/\/finearts-exclusive.com\/it\/wp-json\/wp\/v2\/product\/360","targetHints":{"allow":["GET"]}}],"collection":[{"href":"https:\/\/finearts-exclusive.com\/it\/wp-json\/wp\/v2\/product"}],"about":[{"href":"https:\/\/finearts-exclusive.com\/it\/wp-json\/wp\/v2\/types\/product"}],"wp:featuredmedia":[{"embeddable":true,"href":"https:\/\/finearts-exclusive.com\/it\/wp-json\/wp\/v2\/media\/2680"}],"wp:attachment":[{"href":"https:\/\/finearts-exclusive.com\/it\/wp-json\/wp\/v2\/media?parent=360"}],"wp:term":[{"taxonomy":"product_brand","embeddable":true,"href":"https:\/\/finearts-exclusive.com\/it\/wp-json\/wp\/v2\/product_brand?post=360"},{"taxonomy":"product_cat","embeddable":true,"href":"https:\/\/finearts-exclusive.com\/it\/wp-json\/wp\/v2\/product_cat?post=360"},{"taxonomy":"product_tag","embeddable":true,"href":"https:\/\/finearts-exclusive.com\/it\/wp-json\/wp\/v2\/product_tag?post=360"}],"curies":[{"name":"wp","href":"https:\/\/api.w.org\/{rel}","templated":true}]}}