{"id":361,"date":"2022-01-06T13:12:52","date_gmt":"2022-01-06T12:12:52","guid":{"rendered":"https:\/\/finearts-exclusive.com\/p\/unkategorisiert\/techno-lover-small-size\/"},"modified":"2025-09-06T14:37:14","modified_gmt":"2025-09-06T12:37:14","slug":"amante-della-tecnologia-taglia-piccola","status":"publish","type":"product","link":"https:\/\/finearts-exclusive.com\/it\/p\/luxus-erotik-bronzeskulpturen\/techno-lover-small-size\/","title":{"rendered":"Techno Lover di piccole dimensioni"},"content":{"rendered":"<p>L'amore dell'uomo per l'immagine della sua fantasia non \u00e8 affatto un'invenzione dei tempi moderni; i poeti romani lo sognavano gi\u00e0! Per decenni, i registi di Hollywood sono stati affascinati dal tema del \"sesso con i robot\".<\/p>\n<p>Anche l'artista Rudolfo Bucacio \u00e8 stato profondamente colpito dalla nostra vita quotidiana digitale, che ha portato anche all'ingresso nella nostra vita sessuale digitale. Si \u00e8 posto la domanda: il futuro \u00e8 il sesso con i robot e il sesso con le macchine? I robot umanoidi dell'amore sono cos\u00ec realistici al giorno d'oggi che non sono pi\u00f9 diversi dagli umani - nemmeno quando si tratta di sesso. Gli utenti possono vivere le loro (peggiori) fantasie senza ritegno - senza ferire un essere umano.<\/p>\n<p>Rudolfo Bucacio trasform\u00f2 questa profonda intuizione in un ultimo capolavoro, un piccolo, <strong>scultura erotica in bronzo \"TECHNO LOVER<\/strong>\". Il suo <strong>figura erotica in bronzo TECHNO LOVER<\/strong> racconta dell'amore non corrisposto di una donna sensuale.<\/p>\n<p>Dato che era sempre delusa dai suoi amanti nella realt\u00e0, ha creato il suo uomo dei sogni ideale - un robot per mezzo di una fiamma ossidrica, con il quale poteva ora vivere le sue (peggiori) fantasie e desideri segreti.<\/p>\n<p>Il capolavoro dell'arte del bronzo, <strong>AMANTE DELLA TECNOLOGIA,<\/strong> \u00e8 una delle nostre sculture erotiche di maggior successo.<\/p>","protected":false},"excerpt":{"rendered":"<p>Die Liebe des Menschen zum Abbild seiner Fantasie ist keineswegs eine Kopfgeburt der Neuzeit, sondern schon die r\u00f6mischen Dichter tr\u00e4umten davon! Seit Jahrzehnten fasziniert die Filmemachern in Hollywood das Thema \u201eSex mit Robotern\u201e. Auch der K\u00fcnstler Rudolfo Bucacio war tief beeindruckt von unserem digitalen Alltag, der auch zum Einzug in unser digitales Sexleben f\u00fchrte. Er [&#8230;]\n","protected":false},"featured_media":2694,"template":"","meta":{"_seopress_robots_primary_cat":"none","_seopress_titles_title":"","_seopress_titles_desc":"","_seopress_robots_index":""},"product_brand":[],"product_cat":[33],"product_tag":[62],"class_list":{"0":"post-361","1":"product","2":"type-product","3":"status-publish","4":"has-post-thumbnail","6":"product_cat-luxus-erotik-bronzeskulpturen","7":"product_tag-preis-auf-anfrage","8":"product_shipping_class-skulpturen","9":"pa_kuenstler-rudolfo-bucacio","11":"first","12":"instock","13":"taxable","14":"shipping-taxable","15":"product-type-variable","16":"has-default-attributes"},"publishpress_future_action":{"enabled":false,"date":"2026-05-12 02:25:55","action":"change-status","newStatus":"trash","terms":[],"taxonomy":"product_brand","extraData":[]},"publishpress_future_workflow_manual_trigger":{"enabledWorkflows":[]},"_links":{"self":[{"href":"https:\/\/finearts-exclusive.com\/it\/wp-json\/wp\/v2\/product\/361","targetHints":{"allow":["GET"]}}],"collection":[{"href":"https:\/\/finearts-exclusive.com\/it\/wp-json\/wp\/v2\/product"}],"about":[{"href":"https:\/\/finearts-exclusive.com\/it\/wp-json\/wp\/v2\/types\/product"}],"wp:featuredmedia":[{"embeddable":true,"href":"https:\/\/finearts-exclusive.com\/it\/wp-json\/wp\/v2\/media\/2694"}],"wp:attachment":[{"href":"https:\/\/finearts-exclusive.com\/it\/wp-json\/wp\/v2\/media?parent=361"}],"wp:term":[{"taxonomy":"product_brand","embeddable":true,"href":"https:\/\/finearts-exclusive.com\/it\/wp-json\/wp\/v2\/product_brand?post=361"},{"taxonomy":"product_cat","embeddable":true,"href":"https:\/\/finearts-exclusive.com\/it\/wp-json\/wp\/v2\/product_cat?post=361"},{"taxonomy":"product_tag","embeddable":true,"href":"https:\/\/finearts-exclusive.com\/it\/wp-json\/wp\/v2\/product_tag?post=361"}],"curies":[{"name":"wp","href":"https:\/\/api.w.org\/{rel}","templated":true}]}}