{"id":366,"date":"2021-11-06T13:12:53","date_gmt":"2021-11-06T12:12:53","guid":{"rendered":"https:\/\/finearts-exclusive.com\/p\/unkategorisiert\/devote-bondage-lady-life-size-console-table\/"},"modified":"2025-06-27T10:13:20","modified_gmt":"2025-06-27T08:13:20","slug":"donna-sottomessa-bondage-tavolo-consolle-a-grandezza-naturale","status":"publish","type":"product","link":"https:\/\/finearts-exclusive.com\/it\/p\/luxus-bronzemoebel-wohnbereich\/devote-bondage-lady-life-size-console-table\/","title":{"rendered":"Devote Bondage Lady Life Size - Console Table"},"content":{"rendered":"<p>Al giorno d'oggi, sempre pi\u00f9 persone stanno godendo di un nuovo stile di vita sessuale con giochi erotici di sesso bondage. Bondage significa legare ad arte con corde e nodi durante il sesso pieno di passione. Possono farlo perch\u00e9 vogliono compiacere il loro partner, perch\u00e9 gli piace la sensazione di essere fuori controllo del proprio piacere, o perch\u00e9 gli piace l'idea di essere \"usati\", anche se in modo consensuale. La cosa eccitante di questo \u00e8, da un lato, l'aspetto della sottomissione (submissive) - lasciare il tuo partner responsabile di tutto pu\u00f2 avere qualcosa di liberatorio - e, dall'altro, che ti concentri molto di pi\u00f9 su quello che sta succedendo al tuo corpo.<\/p>\n<p>L'artista Ze Nobre ha creato l'immagine a grandezza naturale <strong>Scultura erotica in bronzo \"Devote Bondage Lady<\/strong> nella funzione di una consolle esclusiva. La signora sottomessa con le sue calze di nylon sexy, la benda e i guanti bondage \u00e8 una festa altamente erotica per gli occhi dello spettatore.<\/p>\n<p>La filigrana <strong>Opera d'arte in bronzo \"Devote Bondage Lady<\/strong> si trova su un alto livello artistico, ed \u00e8 una sensazione grandiosa per lo speciale ambiente di vita esclusivo.<\/p>\n<p>Il pesante <strong>Figura in bronzo \"Donna sottomessa bondage<\/strong> poggia su un'alta e massiccia colonna di marmo\/granito. Sul retro sexy del <strong>Scultura devota signora bondage<\/strong> riposa un piano in vetro di cristallo di 12 mm di spessore, trasformando la scultura altamente erotica in una decadente consolle su cui servire champagne con bicchieri di champagne per quelle ore speciali e sensuali.<\/p>\n<p>L'ultimo capolavoro in bronzo \"Devote Bondage Lady\", dal campo BDSM, \u00e8 stato creato dall'artista Ze Nobre e viene fornito con un certificato in edizione limitata. Un capolavoro di eccezionale qualit\u00e0 artistica e museale.<\/p>\n<p><strong>Scultura:<\/strong><\/p>\n<p>Altezza della testa: 115 cm<br \/>\nAltezza della spalla = altezza del piano di vetro: 95 cm<br \/>\nLarghezza: 58 cm<br \/>\nLunghezza: 72 cm<br \/>\nPeso: circa 60 kg<\/p>\n<p>&nbsp;<\/p>\n<p><strong>Piano in vetro (su misura):<\/strong><\/p>\n<p>Larghezza: 43 cm<br \/>\nLunghezza: 67 cm<br \/>\nSpessore del vetro: 12 mm<br \/>\nPeso: circa 7 kg<\/p>","protected":false},"excerpt":{"rendered":"<div class=\"video video-fit mb\" style=\"padding-top:56.25%;\">\n<div class=\"brlbs-cmpnt-container brlbs-cmpnt-content-blocker brlbs-cmpnt-with-individual-styles\" data-borlabs-cookie-content-blocker-id=\"youtube-content-blocker\" data-borlabs-cookie-content=\"PGlmcmFtZSB0aXRsZT0iRmluZSBBcnRzIFdvaG5rdWx0dXIgLSBCcm9uemUgLSBkZXZvdGUgYm9uZGFnZSBsYWR5IGtvbnNvbHRpc2NoIGxpZmVzaXplIGJyYXVuIiB3aWR0aD0iMTAyMCIgaGVpZ2h0PSI1NzQiIHNyYz0iaHR0cHM6Ly93d3cueW91dHViZS1ub2Nvb2tpZS5jb20vZW1iZWQvUGZzRnIzbmk5SW8\/ZmVhdHVyZT1vZW1iZWQiIGZyYW1lYm9yZGVyPSIwIiBhbGxvdz0iYWNjZWxlcm9tZXRlcjsgYXV0b3BsYXk7IGNsaXBib2FyZC13cml0ZTsgZW5jcnlwdGVkLW1lZGlhOyBneXJvc2NvcGU7IHBpY3R1cmUtaW4tcGljdHVyZTsgd2ViLXNoYXJlIiBhbGxvd2Z1bGxzY3JlZW4+PC9pZnJhbWU+\">\n<div class=\"brlbs-cmpnt-cb-preset-c brlbs-cmpnt-cb-youtube\">\n<div class=\"brlbs-cmpnt-cb-thumbnail\" style=\"background-image: url('https:\/\/finearts-exclusive.com\/wp-content\/uploads\/borlabs-cookie\/1\/yt_PfsFr3ni9Io_hqdefault.jpg')\"><\/div>\n<div class=\"brlbs-cmpnt-cb-main\">\n<div class=\"brlbs-cmpnt-cb-play-button\"><\/div>\n<div class=\"brlbs-cmpnt-cb-content\">\n<p class=\"brlbs-cmpnt-cb-description\">Stai visualizzando un contenuto segnato da <strong>YouTube<\/strong>. Per accedere al contenuto effettivo, cliccare sul pulsante sottostante. Si prega di notare che in questo modo si condividono i dati con provider di terze parti.<\/p>\n<p> <a class=\"brlbs-cmpnt-cb-provider-toggle\" href=\"#\" data-borlabs-cookie-show-provider-information role=\"button\">Ulteriori informazioni<\/a> <\/div>\n<div class=\"brlbs-cmpnt-cb-buttons\"> <a class=\"brlbs-cmpnt-cb-btn\" href=\"#\" data-borlabs-cookie-unblock role=\"button\">Sblocca il contenuto<\/a> <a class=\"brlbs-cmpnt-cb-btn\" href=\"#\" data-borlabs-cookie-accept-service role=\"button\" style=\"display: inherit\">Accetta il servizio richiesto e sblocca i contenuti<\/a> <\/div>\n<\/p><\/div>\n<\/p><\/div>\n<\/div>\n<\/div>","protected":false},"featured_media":61893,"template":"","meta":{"_seopress_robots_primary_cat":"none","_seopress_titles_title":"","_seopress_titles_desc":"","_seopress_robots_index":""},"product_brand":[],"product_cat":[32],"product_tag":[62],"class_list":{"0":"post-366","1":"product","2":"type-product","3":"status-publish","4":"has-post-thumbnail","6":"product_cat-luxus-bronzemoebel-wohnbereich","7":"product_tag-preis-auf-anfrage","8":"product_shipping_class-skulpturen","9":"pa_kuenstler-ze-nobre","11":"first","12":"instock","13":"taxable","14":"shipping-taxable","15":"product-type-variable","16":"has-default-attributes"},"publishpress_future_action":{"enabled":false,"date":"2026-04-13 04:28:53","action":"change-status","newStatus":"trash","terms":[],"taxonomy":"product_brand","extraData":[]},"publishpress_future_workflow_manual_trigger":{"enabledWorkflows":[]},"_links":{"self":[{"href":"https:\/\/finearts-exclusive.com\/it\/wp-json\/wp\/v2\/product\/366","targetHints":{"allow":["GET"]}}],"collection":[{"href":"https:\/\/finearts-exclusive.com\/it\/wp-json\/wp\/v2\/product"}],"about":[{"href":"https:\/\/finearts-exclusive.com\/it\/wp-json\/wp\/v2\/types\/product"}],"wp:featuredmedia":[{"embeddable":true,"href":"https:\/\/finearts-exclusive.com\/it\/wp-json\/wp\/v2\/media\/61893"}],"wp:attachment":[{"href":"https:\/\/finearts-exclusive.com\/it\/wp-json\/wp\/v2\/media?parent=366"}],"wp:term":[{"taxonomy":"product_brand","embeddable":true,"href":"https:\/\/finearts-exclusive.com\/it\/wp-json\/wp\/v2\/product_brand?post=366"},{"taxonomy":"product_cat","embeddable":true,"href":"https:\/\/finearts-exclusive.com\/it\/wp-json\/wp\/v2\/product_cat?post=366"},{"taxonomy":"product_tag","embeddable":true,"href":"https:\/\/finearts-exclusive.com\/it\/wp-json\/wp\/v2\/product_tag?post=366"}],"curies":[{"name":"wp","href":"https:\/\/api.w.org\/{rel}","templated":true}]}}