{"id":368,"date":"2021-11-06T13:12:53","date_gmt":"2021-11-06T12:12:53","guid":{"rendered":"https:\/\/finearts-exclusive.com\/p\/unkategorisiert\/cobra-girl-coffee-table\/"},"modified":"2023-02-22T18:56:03","modified_gmt":"2023-02-22T17:56:03","slug":"tavolino-cobra-girl","status":"publish","type":"product","link":"https:\/\/finearts-exclusive.com\/it\/p\/luxus-bronzemoebel-wohnbereich\/cobra-girl-coffee-table\/","title":{"rendered":"Cobra Girl Coffee Table"},"content":{"rendered":"<p>La scultura in bronzo della Signora dei Serpenti, <strong>\"Cobra Girl Coffee Table<\/strong>\"affascina con la sua natura affascinante, romantica e appassionata. I serpenti sono fantasiosi artisti della seduzione. Quando fanno l'amore, sono esigenti, passionali e insaziabili. Con loro, ogni fantasia segreta pu\u00f2 diventare realt\u00e0! Il sesso con i serpenti \u00e8 elegante, estatico e accattivante!<\/p>\n<p>Anche le donne Snake hanno qualcosa di misterioso e sembrano riservate all'inizio, ma sanno esattamente cosa vogliono e lo ottengono sempre.<\/p>\n<p>Gli uomini non possono quasi mai resistere alle seduzioni di questa donna serpente a causa della sua forte attrazione.<\/p>\n<p>Il famoso artista Rudolfo Bucacio ha tradotto espressivamente e magistralmente la natura passionale ed estremamente sensuale della donna serpente nella sua creazione \"Cobra Girl Coffee Table\".<\/p>\n<p>Un tavolino artistico di alta qualit\u00e0 con piano in vetro ovale 150 cm x 80 cm, spessore 12 mm e taglio sfaccettato di 30 mm per un ambiente di vita esclusivo.<\/p>\n<p><strong>Scultura:<\/strong><\/p>\n<p>Altezza: 44 cm<br \/>\nLarghezza: 60 cm<br \/>\nLunghezza: 120 cm<br \/>\nPeso: 40 kg<\/p>\n<p>&nbsp;<\/p>\n<p><strong>Piano in vetro (ovale):<\/strong><\/p>\n<p>Larghezza: 80 cm<br \/>\nLunghezza: 150 cm<br \/>\nSpessore del vetro: 12 mm<br \/>\nPeso: circa 31 kg<\/p>","protected":false},"excerpt":{"rendered":"<p>Die Bronzeskulptur der Schlangen Lady, \u201eCobra Girl Coffee Table\u201c besticht durch ihre charmante, romantische und leidenschaftliche Art. Schlangen sind fantasievolle Verf\u00fchrungsk\u00fcnstler. Beim Liebesspiel sind sie anspruchsvoll, leidenschaftlich und uners\u00e4ttlich. Mit ihnen kann jede geheime Fantasie Wirklichkeit werden! Schlangensex ist elegant, ekstatisch und fesselnd! Die Schlange-Frauen haben auch etwas R\u00e4tselhaftes und wirken anfangs zur\u00fcckhaltend, doch wissen [&#8230;]\n","protected":false},"featured_media":2633,"template":"","meta":{"_seopress_robots_primary_cat":"none","_seopress_titles_title":"","_seopress_titles_desc":"","_seopress_robots_index":""},"product_brand":[],"product_cat":[32],"product_tag":[62],"class_list":{"0":"post-368","1":"product","2":"type-product","3":"status-publish","4":"has-post-thumbnail","6":"product_cat-luxus-bronzemoebel-wohnbereich","7":"product_tag-preis-auf-anfrage","8":"product_shipping_class-skulpturen","9":"pa_kuenstler-rudolfo-bucacio","11":"first","12":"instock","13":"taxable","14":"shipping-taxable","15":"product-type-variable","16":"has-default-attributes"},"publishpress_future_action":{"enabled":false,"date":"2026-04-14 07:17:57","action":"change-status","newStatus":"trash","terms":[],"taxonomy":"product_brand","extraData":[]},"publishpress_future_workflow_manual_trigger":{"enabledWorkflows":[]},"_links":{"self":[{"href":"https:\/\/finearts-exclusive.com\/it\/wp-json\/wp\/v2\/product\/368","targetHints":{"allow":["GET"]}}],"collection":[{"href":"https:\/\/finearts-exclusive.com\/it\/wp-json\/wp\/v2\/product"}],"about":[{"href":"https:\/\/finearts-exclusive.com\/it\/wp-json\/wp\/v2\/types\/product"}],"wp:featuredmedia":[{"embeddable":true,"href":"https:\/\/finearts-exclusive.com\/it\/wp-json\/wp\/v2\/media\/2633"}],"wp:attachment":[{"href":"https:\/\/finearts-exclusive.com\/it\/wp-json\/wp\/v2\/media?parent=368"}],"wp:term":[{"taxonomy":"product_brand","embeddable":true,"href":"https:\/\/finearts-exclusive.com\/it\/wp-json\/wp\/v2\/product_brand?post=368"},{"taxonomy":"product_cat","embeddable":true,"href":"https:\/\/finearts-exclusive.com\/it\/wp-json\/wp\/v2\/product_cat?post=368"},{"taxonomy":"product_tag","embeddable":true,"href":"https:\/\/finearts-exclusive.com\/it\/wp-json\/wp\/v2\/product_tag?post=368"}],"curies":[{"name":"wp","href":"https:\/\/api.w.org\/{rel}","templated":true}]}}