{"id":369,"date":"2021-11-06T13:12:53","date_gmt":"2021-11-06T12:12:53","guid":{"rendered":"https:\/\/finearts-exclusive.com\/p\/unkategorisiert\/das-phantom-der-oper\/"},"modified":"2025-06-27T10:08:36","modified_gmt":"2025-06-27T08:08:36","slug":"il-fantasma-dellopera","status":"publish","type":"product","link":"https:\/\/finearts-exclusive.com\/it\/p\/luxus-erotik-bronzeskulpturen\/das-phantom-der-oper\/","title":{"rendered":"Il fantasma dell'opera"},"content":{"rendered":"<p>Una delle opere di maggior successo al mondo ha impressionato cos\u00ec tanto il nostro artista Don Alberto Carlos che ha creato questo eccezionale capolavoro chiamato <strong>\"Il fantasma dell'opera<\/strong> creato. Il fantasma, nascosto sotto una maschera e un mantello, permette solo allo spettatore scelto di partecipare ai suoi sordidi amori. Per tutti gli altri, il segreto della sua amante molto permissiva e segreta con i suoi forti desideri sessuali rimane nascosto sotto il mantello a cerniera. Il <strong>scultura erotica in bronzo \"Il fantasma dell'opera<\/strong> simboleggia l'unione armoniosa di emozione, grazia, erotismo e mistero.<\/p>","protected":false},"excerpt":{"rendered":"<p>Eine der weltweit erfolgreichsten Opern hat unseren K\u00fcnstler Don Alberto Carlos so sehr beeindruckt, dass er dieses hervorragende Meisterwerk mit dem Namen \u201eDas Phantom der Oper\u201c schuf. Das Phantom, versteckt unter Maske und Umhang l\u00e4sst nur den auserw\u00e4hlten Betrachter an seinem schmutzigen Liebesspiel teilhaben. F\u00fcr alle anderen bleibt das Geheimnis seiner sehr freiz\u00fcgigen, heimlichen Geliebten [&#8230;]\n","protected":false},"featured_media":61890,"template":"","meta":{"_seopress_robots_primary_cat":"none","_seopress_titles_title":"","_seopress_titles_desc":"","_seopress_robots_index":""},"product_brand":[],"product_cat":[33],"product_tag":[62],"class_list":{"0":"post-369","1":"product","2":"type-product","3":"status-publish","4":"has-post-thumbnail","6":"product_cat-luxus-erotik-bronzeskulpturen","7":"product_tag-preis-auf-anfrage","8":"product_shipping_class-skulpturen","9":"pa_kuenstler-don-alberto-carlos","11":"first","12":"instock","13":"taxable","14":"shipping-taxable","15":"product-type-variable","16":"has-default-attributes"},"publishpress_future_action":{"enabled":false,"date":"2026-05-07 15:29:37","action":"change-status","newStatus":"trash","terms":[],"taxonomy":"product_brand","extraData":[]},"publishpress_future_workflow_manual_trigger":{"enabledWorkflows":[]},"_links":{"self":[{"href":"https:\/\/finearts-exclusive.com\/it\/wp-json\/wp\/v2\/product\/369","targetHints":{"allow":["GET"]}}],"collection":[{"href":"https:\/\/finearts-exclusive.com\/it\/wp-json\/wp\/v2\/product"}],"about":[{"href":"https:\/\/finearts-exclusive.com\/it\/wp-json\/wp\/v2\/types\/product"}],"wp:featuredmedia":[{"embeddable":true,"href":"https:\/\/finearts-exclusive.com\/it\/wp-json\/wp\/v2\/media\/61890"}],"wp:attachment":[{"href":"https:\/\/finearts-exclusive.com\/it\/wp-json\/wp\/v2\/media?parent=369"}],"wp:term":[{"taxonomy":"product_brand","embeddable":true,"href":"https:\/\/finearts-exclusive.com\/it\/wp-json\/wp\/v2\/product_brand?post=369"},{"taxonomy":"product_cat","embeddable":true,"href":"https:\/\/finearts-exclusive.com\/it\/wp-json\/wp\/v2\/product_cat?post=369"},{"taxonomy":"product_tag","embeddable":true,"href":"https:\/\/finearts-exclusive.com\/it\/wp-json\/wp\/v2\/product_tag?post=369"}],"curies":[{"name":"wp","href":"https:\/\/api.w.org\/{rel}","templated":true}]}}