{"id":371,"date":"2021-11-06T13:12:54","date_gmt":"2021-11-06T12:12:54","guid":{"rendered":"https:\/\/finearts-exclusive.com\/p\/unkategorisiert\/dragons-rape-dining-table\/"},"modified":"2025-06-27T10:12:14","modified_gmt":"2025-06-27T08:12:14","slug":"tavolo-da-pranzo-dragons-rape","status":"publish","type":"product","link":"https:\/\/finearts-exclusive.com\/it\/p\/luxus-bronzemoebel-wohnbereich\/dragons-rape-dining-table\/","title":{"rendered":"Tavolo da pranzo Rape Dragons"},"content":{"rendered":"<p>Sensuale e pieno di desiderio, questo ibrido molto maschile ed esotico di drago e serpente domina la piccola bellezza dalle proporzioni perfettamente femminili - l'erotico <strong>Scultura in bronzo \"Dragons Rape Dining Table\".<\/strong> Qui, gli sguardi dei due protagonisti di questa scena molto erotica lasciano molto spazio alla fantasia.<\/p>\n<p>Lo straordinario <strong>Figura di bronzo \"Dragons Rape<\/strong> \u00e8 inteso come un tavolo da pranzo con un piano in vetro, ma con i suoi numerosi dettagli raffinati funziona molto bene anche da solo, come un puro oggetto d'arte nella stanza.<\/p>\n<p><strong>Scultura:<\/strong><\/p>\n<p>Altezza: 75 cm<br \/>\nLarghezza: 78 cm<br \/>\nLunghezza: 82 cm<br \/>\nPeso: circa 55 kg<\/p>\n<p>&nbsp;<\/p>\n<p><strong>Piano in vetro (rotondo):<\/strong><\/p>\n<p>Diametro: 120 cm<br \/>\nSpessore del vetro: 12 mm<br \/>\nPeso: circa 34 kg<\/p>","protected":false},"excerpt":{"rendered":"<p>Sinnlich und voller Begierde dominiert dieses sehr maskuline, exotische Hybridwesen aus Drachen und Schlange die zierliche, perfekt weiblich proportionierte kleine Sch\u00f6nheit \u2013 die erotische Bronzeskulptur \u201eDragons Rape Dining Table\u201c. Hierbei lassen die Blicke der beiden Protagonisten dieser sehr erotischen Szene viel Raum f\u00fcr Fantasie. Die au\u00dfergew\u00f6hnliche Bronzefigur \u201eDragons Rape\u201c ist mit Glasplatte als Esstisch gedacht, [&#8230;]\n","protected":false},"featured_media":61892,"template":"","meta":{"_seopress_robots_primary_cat":"none","_seopress_titles_title":"","_seopress_titles_desc":"","_seopress_robots_index":""},"product_brand":[],"product_cat":[32],"product_tag":[62],"class_list":{"0":"post-371","1":"product","2":"type-product","3":"status-publish","4":"has-post-thumbnail","6":"product_cat-luxus-bronzemoebel-wohnbereich","7":"product_tag-preis-auf-anfrage","8":"product_shipping_class-skulpturen","9":"pa_kuenstler-don-alberto-carlos","11":"first","12":"instock","13":"taxable","14":"shipping-taxable","15":"product-type-variable","16":"has-default-attributes"},"publishpress_future_action":{"enabled":false,"date":"2026-04-24 01:29:07","action":"change-status","newStatus":"trash","terms":[],"taxonomy":"product_brand","extraData":[]},"publishpress_future_workflow_manual_trigger":{"enabledWorkflows":[]},"_links":{"self":[{"href":"https:\/\/finearts-exclusive.com\/it\/wp-json\/wp\/v2\/product\/371","targetHints":{"allow":["GET"]}}],"collection":[{"href":"https:\/\/finearts-exclusive.com\/it\/wp-json\/wp\/v2\/product"}],"about":[{"href":"https:\/\/finearts-exclusive.com\/it\/wp-json\/wp\/v2\/types\/product"}],"wp:featuredmedia":[{"embeddable":true,"href":"https:\/\/finearts-exclusive.com\/it\/wp-json\/wp\/v2\/media\/61892"}],"wp:attachment":[{"href":"https:\/\/finearts-exclusive.com\/it\/wp-json\/wp\/v2\/media?parent=371"}],"wp:term":[{"taxonomy":"product_brand","embeddable":true,"href":"https:\/\/finearts-exclusive.com\/it\/wp-json\/wp\/v2\/product_brand?post=371"},{"taxonomy":"product_cat","embeddable":true,"href":"https:\/\/finearts-exclusive.com\/it\/wp-json\/wp\/v2\/product_cat?post=371"},{"taxonomy":"product_tag","embeddable":true,"href":"https:\/\/finearts-exclusive.com\/it\/wp-json\/wp\/v2\/product_tag?post=371"}],"curies":[{"name":"wp","href":"https:\/\/api.w.org\/{rel}","templated":true}]}}