{"id":372,"date":"2021-11-06T13:12:54","date_gmt":"2021-11-06T12:12:54","guid":{"rendered":"https:\/\/finearts-exclusive.com\/p\/unkategorisiert\/erotik-dragon\/"},"modified":"2025-09-09T11:47:57","modified_gmt":"2025-09-09T09:47:57","slug":"drago-erotico","status":"publish","type":"product","link":"https:\/\/finearts-exclusive.com\/it\/p\/luxus-erotik-bronzeskulpturen\/erotic-dragon\/","title":{"rendered":"Drago erotico"},"content":{"rendered":"<p>C'era una volta Jonas un giovane semplice che amava la sua ragazza Beauty pi\u00f9 di ogni altra cosa. Ma tutte le sue proposte di matrimonio sono state rifiutate bruscamente da lei.<\/p>\n<p>Cos\u00ec ha escogitato uno stratagemma. Un giorno una fata gli apparve ed esaud\u00ec ogni suo desiderio. Desiderava essere trasformato in un drago forte e muscoloso. La fata gli concesse il suo desiderio, ma con la condizione che un giorno avrebbe potuto essere ritrasformato solo se avesse reso la sua Bella felice fisicamente e mentalmente. Quando la sua ragazza ha visto il magnifico drago muscoloso \u00e8 rimasta estasiata e si \u00e8 subito innamorata. Il drago la abbracci\u00f2 da dietro e fece l'amore con lei in modo sensuale, baciandola su entrambe le guance con le sue due teste contemporaneamente. La bellezza si sentiva al settimo cielo, al sicuro e protetta.<\/p>\n<p>Avendo soddisfatto la condizione della fata, fu ritrasformato nel giovane Jonas. Beauty spos\u00f2 il giovane Jonas e vissero felici e contenti, perch\u00e9 Beauty cap\u00ec che non sono i criteri superficiali ad essere decisivi per il vero amore, ma i valori interiori di una persona.<\/p>\n<p>L'artista Rudolfo Bucacio ha creato un'espressiva scultura in bronzo di medie dimensioni, di portata monumentale. Il <strong>Figura in bronzo \"Drago erotico<\/strong> \u00e8 un vero e proprio eye-catcher e provoca grande scalpore e ammirazione.<\/p>","protected":false},"excerpt":{"rendered":"<p>Es war einmal ein biederer J\u00fcngling Jonas der liebte \u00fcber alles seine Freundin Beauty. All seine Heiratsantr\u00e4ge wurden jedoch von ihr schroff abgelehnt. Deshalb erdachte er sich eine List aus. Eines Tages erschien ihm eine Fee, die ihm jeden Wunsch erf\u00fcllte. Er w\u00fcnsche sich in einen kr\u00e4ftigen muskul\u00f6sen Drachen verwandelt zu werden. Die Fee erf\u00fcllte [&#8230;]\n","protected":false},"featured_media":61898,"template":"","meta":{"_seopress_robots_primary_cat":"none","_seopress_titles_title":"","_seopress_titles_desc":"","_seopress_robots_index":""},"product_brand":[],"product_cat":[33],"product_tag":[62],"class_list":{"0":"post-372","1":"product","2":"type-product","3":"status-publish","4":"has-post-thumbnail","6":"product_cat-luxus-erotik-bronzeskulpturen","7":"product_tag-preis-auf-anfrage","8":"product_shipping_class-skulpturen","9":"pa_kuenstler-rudolfo-bucacio","11":"first","12":"instock","13":"taxable","14":"shipping-taxable","15":"product-type-variable","16":"has-default-attributes"},"publishpress_future_action":{"enabled":false,"date":"2026-05-08 16:23:41","action":"change-status","newStatus":"trash","terms":[],"taxonomy":"product_brand","extraData":[]},"publishpress_future_workflow_manual_trigger":{"enabledWorkflows":[]},"_links":{"self":[{"href":"https:\/\/finearts-exclusive.com\/it\/wp-json\/wp\/v2\/product\/372","targetHints":{"allow":["GET"]}}],"collection":[{"href":"https:\/\/finearts-exclusive.com\/it\/wp-json\/wp\/v2\/product"}],"about":[{"href":"https:\/\/finearts-exclusive.com\/it\/wp-json\/wp\/v2\/types\/product"}],"wp:featuredmedia":[{"embeddable":true,"href":"https:\/\/finearts-exclusive.com\/it\/wp-json\/wp\/v2\/media\/61898"}],"wp:attachment":[{"href":"https:\/\/finearts-exclusive.com\/it\/wp-json\/wp\/v2\/media?parent=372"}],"wp:term":[{"taxonomy":"product_brand","embeddable":true,"href":"https:\/\/finearts-exclusive.com\/it\/wp-json\/wp\/v2\/product_brand?post=372"},{"taxonomy":"product_cat","embeddable":true,"href":"https:\/\/finearts-exclusive.com\/it\/wp-json\/wp\/v2\/product_cat?post=372"},{"taxonomy":"product_tag","embeddable":true,"href":"https:\/\/finearts-exclusive.com\/it\/wp-json\/wp\/v2\/product_tag?post=372"}],"curies":[{"name":"wp","href":"https:\/\/api.w.org\/{rel}","templated":true}]}}