{"id":382,"date":"2021-11-06T13:12:55","date_gmt":"2021-11-06T12:12:55","guid":{"rendered":"https:\/\/finearts-exclusive.com\/p\/unkategorisiert\/robo-lover\/"},"modified":"2025-06-27T10:24:22","modified_gmt":"2025-06-27T08:24:22","slug":"amante-del-robo","status":"publish","type":"product","link":"https:\/\/finearts-exclusive.com\/it\/p\/luxus-erotik-bronzeskulpturen\/robo-lover\/","title":{"rendered":"Amante dei robot"},"content":{"rendered":"<p>Questo amante del lontano futuro con il nome di <strong>\"Robo Lover\"<\/strong>\u00e8 probabilmente pi\u00f9 di un semplice robot. Il <strong>Scultura in bronzo Robo Lover<\/strong> \u00e8 pi\u00f9 di un semplice protettore. Freddo e d'acciaio, soddisfa ogni desiderio e soddisfazione del suo padrone - il suo amante - la sua signora.<\/p>\n<p>Ad un esame pi\u00f9 attento, allo spettatore viene mostrato chiaramente che il robot muscoloso \"<strong>Amante dei robot<\/strong>\"sta facendo un doppio sforzo qui.<\/p>\n<p>L'espressione sul volto dell'amante rivela che lui sembra soddisfare doppiamente entrambi i suoi bisogni sensuali.<\/p>","protected":false},"excerpt":{"rendered":"<p>Dieser, aus der fernen Zukunft wirkende Liebhaber mit dem Namen \u201eRobo Lover\u201c, ist wohl mehr als nur ein einfacher Roboter. Die Bronzeskulptur Robo Lover ist mehr als nur ein einfacher Besch\u00fctzer. K\u00fchl und st\u00e4hlern erf\u00fcllt er jegliche Begierde und Befriedigung seiner Besitzerin &#8211; seiner Geliebten &#8211; seiner Dame. Bei genauerem Hinsehen wird dem Betrachter deutlich [&#8230;]\n","protected":false},"featured_media":61885,"template":"","meta":{"_seopress_robots_primary_cat":"none","_seopress_titles_title":"","_seopress_titles_desc":"","_seopress_robots_index":""},"product_brand":[],"product_cat":[33],"product_tag":[62],"class_list":{"0":"post-382","1":"product","2":"type-product","3":"status-publish","4":"has-post-thumbnail","6":"product_cat-luxus-erotik-bronzeskulpturen","7":"product_tag-preis-auf-anfrage","8":"product_shipping_class-skulpturen","9":"pa_kuenstler-don-alberto-carlos","11":"first","12":"instock","13":"taxable","14":"shipping-taxable","15":"product-type-variable","16":"has-default-attributes"},"publishpress_future_action":{"enabled":false,"date":"2026-05-07 15:30:12","action":"change-status","newStatus":"trash","terms":[],"taxonomy":"product_brand","extraData":[]},"publishpress_future_workflow_manual_trigger":{"enabledWorkflows":[]},"_links":{"self":[{"href":"https:\/\/finearts-exclusive.com\/it\/wp-json\/wp\/v2\/product\/382","targetHints":{"allow":["GET"]}}],"collection":[{"href":"https:\/\/finearts-exclusive.com\/it\/wp-json\/wp\/v2\/product"}],"about":[{"href":"https:\/\/finearts-exclusive.com\/it\/wp-json\/wp\/v2\/types\/product"}],"wp:featuredmedia":[{"embeddable":true,"href":"https:\/\/finearts-exclusive.com\/it\/wp-json\/wp\/v2\/media\/61885"}],"wp:attachment":[{"href":"https:\/\/finearts-exclusive.com\/it\/wp-json\/wp\/v2\/media?parent=382"}],"wp:term":[{"taxonomy":"product_brand","embeddable":true,"href":"https:\/\/finearts-exclusive.com\/it\/wp-json\/wp\/v2\/product_brand?post=382"},{"taxonomy":"product_cat","embeddable":true,"href":"https:\/\/finearts-exclusive.com\/it\/wp-json\/wp\/v2\/product_cat?post=382"},{"taxonomy":"product_tag","embeddable":true,"href":"https:\/\/finearts-exclusive.com\/it\/wp-json\/wp\/v2\/product_tag?post=382"}],"curies":[{"name":"wp","href":"https:\/\/api.w.org\/{rel}","templated":true}]}}