{"id":385,"date":"2021-11-06T13:12:55","date_gmt":"2021-11-06T12:12:55","guid":{"rendered":"https:\/\/finearts-exclusive.com\/p\/unkategorisiert\/snake-lady-nadine-upright\/"},"modified":"2025-09-06T14:40:06","modified_gmt":"2025-09-06T12:40:06","slug":"serpente-signora-nadine-in-piedi","status":"publish","type":"product","link":"https:\/\/finearts-exclusive.com\/it\/p\/luxus-erotik-bronzeskulpturen\/snake-lady-nadine-upright\/","title":{"rendered":"La signora serpente Nadine Upright"},"content":{"rendered":"<p>La Snake Lady (Snake Lady Nadine) affascina con la sua natura affascinante, romantica e passionale. I serpenti sono fantasiosi artisti della seduzione. Durante il gioco d'amore sono esigenti, passionali e insaziabili. Con loro, ogni fantasia segreta pu\u00f2 diventare realt\u00e0! Il sesso con i serpenti \u00e8 elegante, estatico e accattivante!<\/p>\n<p>Anche le donne Snake hanno qualcosa di misterioso e sembrano riservate all'inizio, ma sanno esattamente cosa vogliono e lo ottengono sempre. Gli uomini non possono quasi mai resistere alle seduzioni di questa donna serpente a causa della sua forte attrazione.<\/p>\n<p>Il famoso artista Don Alberto Carlos ha padroneggiato in modo espressivo la natura passionale ed estremamente sensuale della donna serpente nella sua creazione del <strong>\"La signora serpente Nadine Upright<\/strong>attuato\".<\/p>","protected":false},"excerpt":{"rendered":"<p>Die Schlangen\u2013Frau (Snake Lady Nadine) besticht durch ihre charmante, romantische und leidenschaftliche Art. Schlangen sind fantasievolle Verf\u00fchrungsk\u00fcnstler. Beim Liebesspiel sind sie anspruchsvoll, leidenschaftlich und uners\u00e4ttlich. Mit ihnen kann jede geheime Fantasie Wirklichkeit werden! Schlangensex ist elegant, ekstatisch und fesselnd! Die Schlangen-Frauen haben auch etwas R\u00e4tselhaftes und wirken anfangs zur\u00fcckhaltend, doch wissen sie genau, was sie [&#8230;]\n","protected":false},"featured_media":2676,"template":"","meta":{"_seopress_robots_primary_cat":"none","_seopress_titles_title":"","_seopress_titles_desc":"","_seopress_robots_index":""},"product_brand":[],"product_cat":[33],"product_tag":[62],"class_list":{"0":"post-385","1":"product","2":"type-product","3":"status-publish","4":"has-post-thumbnail","6":"product_cat-luxus-erotik-bronzeskulpturen","7":"product_tag-preis-auf-anfrage","8":"product_shipping_class-skulpturen","9":"pa_kuenstler-don-alberto-carlos","11":"first","12":"instock","13":"taxable","14":"shipping-taxable","15":"product-type-variable","16":"has-default-attributes"},"publishpress_future_action":{"enabled":false,"date":"2026-04-20 10:40:48","action":"change-status","newStatus":"trash","terms":[],"taxonomy":"product_brand","extraData":[]},"publishpress_future_workflow_manual_trigger":{"enabledWorkflows":[]},"_links":{"self":[{"href":"https:\/\/finearts-exclusive.com\/it\/wp-json\/wp\/v2\/product\/385","targetHints":{"allow":["GET"]}}],"collection":[{"href":"https:\/\/finearts-exclusive.com\/it\/wp-json\/wp\/v2\/product"}],"about":[{"href":"https:\/\/finearts-exclusive.com\/it\/wp-json\/wp\/v2\/types\/product"}],"wp:featuredmedia":[{"embeddable":true,"href":"https:\/\/finearts-exclusive.com\/it\/wp-json\/wp\/v2\/media\/2676"}],"wp:attachment":[{"href":"https:\/\/finearts-exclusive.com\/it\/wp-json\/wp\/v2\/media?parent=385"}],"wp:term":[{"taxonomy":"product_brand","embeddable":true,"href":"https:\/\/finearts-exclusive.com\/it\/wp-json\/wp\/v2\/product_brand?post=385"},{"taxonomy":"product_cat","embeddable":true,"href":"https:\/\/finearts-exclusive.com\/it\/wp-json\/wp\/v2\/product_cat?post=385"},{"taxonomy":"product_tag","embeddable":true,"href":"https:\/\/finearts-exclusive.com\/it\/wp-json\/wp\/v2\/product_tag?post=385"}],"curies":[{"name":"wp","href":"https:\/\/api.w.org\/{rel}","templated":true}]}}